{"id":8,"date":"2020-05-28T21:35:40","date_gmt":"2020-05-29T02:35:40","guid":{"rendered":"http:\/\/carolina.somosultranova.com\/?page_id=8"},"modified":"2025-01-21T13:02:46","modified_gmt":"2025-01-21T18:02:46","slug":"inicio","status":"publish","type":"page","link":"https:\/\/carolinagomezblanco.com\/en\/","title":{"rendered":"Home"},"content":{"rendered":"<h1>Carolina<br \/>G\u00f3mez<br \/>Blanco<\/h1>\n  <img src=\"\"\/>\n<h4><\/h4><h3>\n\t\tCreating Stories for Every Space\n\t<\/h3>\n\t<p>I am Carolina G\u00f3mez Blanco, an interior designer passionate about crafting environments that resonate with the essence of those who inhabit them.<\/p>\n<p>I transform spaces into narratives that reflect your unique identity.<\/p>\n\n<h2>\n\t\tAbout Me\n\t<\/h2>\n\t<p>My mission is to transform homes, offices, and commercial environments into extraordinary places that reflect the unique essence of those who inhabit them.<\/p>\n<p>I believe that every space should resonate with the personality and identity of its occupants.<\/p>\n<p>That\u2019s why I take the time to deeply understand my clients\u2014whether personal or corporate\u2014ensuring that each design is not just beautiful, but also meaningful.<\/p>\n<p>\u00abMis dise\u00f1os crean historias para cada espacio\u00bb<\/p>\n<p>Each project is a chance to craft a harmonious environment that not only captivates the eye but also nurtures the soul. I strive to ensure that every corner of your space speaks to your individuality and style.<\/p>\n<p>My journey began at Jorge Tadeo Lozano University, where I honed my design skills, and later, I specialized in interior design in Melbourne, Australia. My diverse experience, including working as a producer in television commercials, has equipped me with a unique perspective on how to maximize the potential of any space for its intended purpose.<\/p>\n<p>I\u2019ve had the privilege of working across various countries\u2014Colombia, Mexico, Spain, Miami, Singapore,Australia, Holland and London \u2014both in-person and virtually, allowing me to bring a global flair to my designs.<\/p>\n<p>Are you ready to transform your space into something truly special? Let\u2019s collaborate to create an environment that is not only visually stunning but also deeply connected to your identity.<\/p>\n<p>Together, we can bring your vision to life and craft the story your space deserves!<\/p>\n\t\t\t\t<a href=\"http:\/\/carolinagomezblanco.com\/en\/hogar\/\" target=\"_self\" itemprop=\"url\" rel=\"noopener\">\n\t\t\t\t<img src=\"http:\/\/carolinagomezblanco.com\/cms\/wp-content\/uploads\/2020\/06\/ico-1.png\" alt=\"ico-1\" itemprop=\"image\" title=\"ico-1\" onerror=\"this.style.display='none'\"  \/>\n\t\t\t\t<\/a>\n<h5>\n\t\tResidential\n\t<\/h5>\n\t\t\t\t<a href=\"http:\/\/carolinagomezblanco.com\/en\/oficinas\/\" target=\"_self\" itemprop=\"url\" rel=\"noopener\">\n\t\t\t\t<img src=\"http:\/\/carolinagomezblanco.com\/cms\/wp-content\/uploads\/2020\/06\/ico-2.png\" alt=\"ico-2\" itemprop=\"image\" title=\"ico-2\" onerror=\"this.style.display='none'\"  \/>\n\t\t\t\t<\/a>\n<h5>\n\t\tOffices\n\t<\/h5>\n\t\t\t\t<a href=\"http:\/\/carolinagomezblanco.com\/en\/comercial\/\" target=\"_self\" itemprop=\"url\" rel=\"noopener\">\n\t\t\t\t<img src=\"http:\/\/carolinagomezblanco.com\/cms\/wp-content\/uploads\/2020\/06\/ico-3.png\" alt=\"ico-3\" itemprop=\"image\" title=\"ico-3\" onerror=\"this.style.display='none'\"  \/>\n\t\t\t\t<\/a>\n<h5>\n\t\tCommercial\n\t<\/h5>\n\t\t\t\t<a href=\"http:\/\/carolinagomezblanco.com\/en\/eventos\/\" target=\"_self\" itemprop=\"url\" rel=\"noopener\">\n\t\t\t\t<img src=\"http:\/\/carolinagomezblanco.com\/cms\/wp-content\/uploads\/2020\/06\/ico-1.png\" alt=\"ico-1\" itemprop=\"image\" title=\"ico-1\" onerror=\"this.style.display='none'\"  \/>\n\t\t\t\t<\/a>\n<h5>\n\t\tEvents\n\t<\/h5>\n\n<h2>\n\t\tProjects\n\t<\/h2>\n<h3>\n\t\tExplore my portfolio and see how I\u2019ve turned dreams into reality for my clients.\n\t<\/h3>\n    <h4>Los Notarios<\/h4>\n          <a href=\"http:\/\/carolinagomezblanco.com\/en\/oficinas\/los-notarios\/\" target=\"_self\" rel=\"noopener\">\n        see more\n      <\/a>\n    <h4>Manuela y Andr\u00e9s<\/h4>\n          <a href=\"http:\/\/carolinagomezblanco.com\/en\/hogar\/manuela-y-andres\/\" target=\"_self\" rel=\"noopener\">\n        see more\n      <\/a>\n    <h4>Chiper<\/h4>\n          <a href=\"http:\/\/carolinagomezblanco.com\/en\/oficinas\/chiper\/\" target=\"_self\" rel=\"noopener\">\n        see more\n      <\/a>\n    <h4>Clara y Miguel<\/h4>\n          <a href=\"http:\/\/carolinagomezblanco.com\/en\/hogar\/clara-y-miguel\/\" target=\"_self\" rel=\"noopener\">\n        see more\n      <\/a>\n    <h4>Happy Yoga<\/h4>\n          <a href=\"http:\/\/carolinagomezblanco.com\/en\/oficinas\/happy-yoga\/\" target=\"_self\" rel=\"noopener\">\n        see more\n      <\/a>\n    <h4>Addi<\/h4>\n          <a href=\"http:\/\/carolinagomezblanco.com\/en\/oficinas\/addi\/\" target=\"_self\" rel=\"noopener\">\n        see more\n      <\/a>\n    <h4>Foodpanda<\/h4>\n          <a href=\"http:\/\/carolinagomezblanco.com\/en\/oficinas\/foodpanda\/\" target=\"_self\" rel=\"noopener\">\n        see more\n      <\/a>\n    <h4>Laura <\/h4>\n          <a href=\"http:\/\/carolinagomezblanco.com\/en\/hogar\/laura\/\" target=\"_self\" rel=\"noopener\">\n        see more\n      <\/a>\n    <h4>Paula <\/h4>\n          <a href=\"http:\/\/carolinagomezblanco.com\/en\/hogar\/paula\/\" target=\"_self\" rel=\"noopener\">\n        see more\n      <\/a>\n    <h4>Santalaia<\/h4>\n          <a href=\"http:\/\/carolinagomezblanco.com\/en\/hogar\/santalaia\/\" target=\"_self\" rel=\"noopener\">\n        see more\n      <\/a>\n    <h4>Cabrera<\/h4>\n          <a href=\"http:\/\/carolinagomezblanco.com\/en\/hogar\/proyecto-cabrera\/\" target=\"_self\" rel=\"noopener\">\n        see more\n      <\/a>\n\n<h2>\n\t\tEvents\n\t<\/h2>\n    <h4>Diana and Esteban<\/h4>\n          <a href=\"http:\/\/carolinagomezblanco.com\/en\/eventos\/diana-y-esteban\/\" target=\"_self\" rel=\"noopener\">\n        see more\n      <\/a>\n    <h4>Buenas Migas<\/h4>\n          <a href=\"http:\/\/carolinagomezblanco.com\/en\/eventos\/buenas-migas\/\" target=\"_self\" rel=\"noopener\">\n        see more\n      <\/a>\n    <h4>Mar\u00eda and Alejandro<\/h4>\n          <a href=\"http:\/\/carolinagomezblanco.com\/en\/eventos\/maria-y-alejandro\/\" target=\"_self\" rel=\"noopener\">\n        see more\n      <\/a>\n    <h4>Laura and Daniel<\/h4>\n          <a href=\"http:\/\/carolinagomezblanco.com\/en\/eventos\/laura-y-daniel\/\" target=\"_self\" rel=\"noopener\">\n        see more\n      <\/a>\n    <h4>Mario and Lucero<\/h4>\n          <a href=\"http:\/\/carolinagomezblanco.com\/en\/eventos\/mario-y-lucero\/\" target=\"_self\" rel=\"noopener\">\n        see more\n      <\/a>\n    <h4>Claudia and Jeison<\/h4>\n          <a href=\"http:\/\/carolinagomezblanco.com\/en\/eventos\/claudia-y-jeison\/\" target=\"_self\" rel=\"noopener\">\n        see more\n      <\/a>\n<h2>\n\t\tClients\n\t<\/h2>\n\t<h3>Loving what I do translates into impactful experiences for my clients.<\/h3>\n\t\t\t\t<img loading=\"lazy\" src=\"http:\/\/carolinagomezblanco.com\/cms\/wp-content\/uploads\/2020\/06\/log-01.png\" alt=\"log-01\" itemprop=\"image\" height=\"280\" width=\"280\" title=\"log-01\" onerror=\"this.style.display='none'\"  \/>\n\t\t\t\t<img loading=\"lazy\" src=\"http:\/\/carolinagomezblanco.com\/cms\/wp-content\/uploads\/2020\/06\/log-02.png\" alt=\"log-02\" itemprop=\"image\" height=\"206\" width=\"204\" title=\"log-02\" onerror=\"this.style.display='none'\"  \/>\n\t\t\t\t<img loading=\"lazy\" src=\"http:\/\/carolinagomezblanco.com\/cms\/wp-content\/uploads\/2020\/06\/log-03.png\" alt=\"log-03\" itemprop=\"image\" height=\"280\" width=\"282\" title=\"log-03\" onerror=\"this.style.display='none'\"  \/>\n\t\t\t\t<img loading=\"lazy\" src=\"http:\/\/carolinagomezblanco.com\/cms\/wp-content\/uploads\/2020\/06\/log-04.png\" alt=\"log-04\" itemprop=\"image\" height=\"280\" width=\"280\" title=\"log-04\" onerror=\"this.style.display='none'\"  \/>\n\t\t\t\t<img loading=\"lazy\" src=\"http:\/\/carolinagomezblanco.com\/cms\/wp-content\/uploads\/2020\/06\/log-05.png\" alt=\"log-05\" itemprop=\"image\" height=\"282\" width=\"280\" title=\"log-05\" onerror=\"this.style.display='none'\"  \/>\n\t\t\t\t<img loading=\"lazy\" src=\"http:\/\/carolinagomezblanco.com\/cms\/wp-content\/uploads\/2020\/06\/log-06.png\" alt=\"log-06\" itemprop=\"image\" height=\"282\" width=\"282\" title=\"log-06\" onerror=\"this.style.display='none'\"  \/>\n\t\t\t\t<img loading=\"lazy\" src=\"http:\/\/carolinagomezblanco.com\/cms\/wp-content\/uploads\/2020\/06\/log-07.png\" alt=\"log-07\" itemprop=\"image\" height=\"282\" width=\"282\" title=\"log-07\" onerror=\"this.style.display='none'\"  \/>\n\t\t\t\t<img loading=\"lazy\" src=\"http:\/\/carolinagomezblanco.com\/cms\/wp-content\/uploads\/2020\/06\/log-08.png\" alt=\"log-08\" itemprop=\"image\" height=\"280\" width=\"282\" title=\"log-08\" onerror=\"this.style.display='none'\"  \/>\n\t\t\t\t<img loading=\"lazy\" src=\"http:\/\/carolinagomezblanco.com\/cms\/wp-content\/uploads\/2020\/06\/log-09.png\" alt=\"log-09\" itemprop=\"image\" height=\"280\" width=\"280\" title=\"log-09\" onerror=\"this.style.display='none'\"  \/>\n\t\t\t\t<img src=\"http:\/\/carolinagomezblanco.com\/cms\/wp-content\/uploads\/2020\/06\/log-10-1.png\" alt=\"log-10\" itemprop=\"image\" title=\"log-10\" onerror=\"this.style.display='none'\"  \/>\n\t\t\t\t<img loading=\"lazy\" src=\"http:\/\/carolinagomezblanco.com\/cms\/wp-content\/uploads\/2020\/06\/log-11.png\" alt=\"log-11\" itemprop=\"image\" height=\"280\" width=\"282\" title=\"log-11\" onerror=\"this.style.display='none'\"  \/>\n\t\t\t\t<img loading=\"lazy\" src=\"http:\/\/carolinagomezblanco.com\/cms\/wp-content\/uploads\/2020\/06\/log-12.png\" alt=\"log-12\" itemprop=\"image\" height=\"280\" width=\"282\" title=\"log-12\" onerror=\"this.style.display='none'\"  \/>\n\t\t\t\t<img loading=\"lazy\" src=\"http:\/\/carolinagomezblanco.com\/cms\/wp-content\/uploads\/2020\/06\/log-13.png\" alt=\"log-13\" itemprop=\"image\" height=\"282\" width=\"280\" title=\"log-13\" onerror=\"this.style.display='none'\"  \/>\n\t\t\t\t<img src=\"http:\/\/carolinagomezblanco.com\/cms\/wp-content\/uploads\/2020\/06\/log-bm.png\" alt=\"log-bm\" itemprop=\"image\" title=\"log-bm\" onerror=\"this.style.display='none'\"  \/>\n<h2>\n\t\tWork with Me!\n\t<\/h2>\n\t\t\t\t<img src=\"http:\/\/carolinagomezblanco.com\/cms\/wp-content\/uploads\/2025\/01\/Foto-TrabajaConmigo.jpg\" alt=\"Foto-TrabajaConmigo\" itemprop=\"image\" title=\"Foto-TrabajaConmigo\" onerror=\"this.style.display='none'\"  \/>","protected":false},"excerpt":{"rendered":"<p>CarolinaG\u00f3mezBlanco Creo historias para cada espacio Soy Carolina G\u00f3mez Blanco, dise\u00f1adora de interiores apasionada por crear ambientes que resuenan con la esencia de quienes los habitan. Transformo espacios en narrativas que reflejan tu identidad y personalidad. Sobre m\u00ed Mi misi\u00f3n es transformar hogares, oficinas y ambientes comerciales en lugares extraordinarios que reflejen la esencia \u00fanica &hellip;<\/p>\n<p class=\"read-more\"> <a class=\"\" href=\"https:\/\/carolinagomezblanco.com\/en\/\"> <span class=\"screen-reader-text\">Home<\/span> Read More &raquo;<\/a><\/p>","protected":false},"author":2,"featured_media":0,"parent":0,"menu_order":0,"comment_status":"closed","ping_status":"closed","template":"","meta":[],"yoast_head":"<!-- This site is optimized with the Yoast SEO plugin v16.1.1 - https:\/\/yoast.com\/wordpress\/plugins\/seo\/ -->\n<title>Inicio - Carolina G\u00f3mez Blanco<\/title>\n<link rel=\"canonical\" href=\"https:\/\/carolinagomezblanco.com\/en\/\" \/>\n<meta property=\"og:locale\" content=\"en_US\" \/>\n<meta property=\"og:type\" content=\"article\" \/>\n<meta property=\"og:title\" content=\"Carolina G\u00f3mez Blanco\" \/>\n<meta property=\"og:description\" content=\"Dise\u00f1o es poder ver la versatilidad en los espacios, calidez es hacer que los disfrutes al m\u00e1ximo.\" \/>\n<meta property=\"og:url\" content=\"https:\/\/carolinagomezblanco.com\/en\/\" \/>\n<meta property=\"og:site_name\" content=\"Carolina G\u00f3mez Blanco\" \/>\n<meta property=\"article:modified_time\" content=\"2025-01-21T18:02:46+00:00\" \/>\n<meta property=\"og:image\" content=\"https:\/\/carolinagomezblanco.com\/cms\/wp-content\/uploads\/2020\/06\/15384576101545312583988598541974821645740672o.jpg\" \/>\n\t<meta property=\"og:image:width\" content=\"960\" \/>\n\t<meta property=\"og:image:height\" content=\"642\" \/>\n<meta name=\"twitter:card\" content=\"summary_large_image\" \/>\n<meta name=\"twitter:title\" content=\"Carolina G\u00f3mez Blanco\" \/>\n<meta name=\"twitter:description\" content=\"Dise\u00f1o es poder ver la versatilidad en los espacios, calidez es hacer que los disfrutes al m\u00e1ximo.\" \/>\n<meta name=\"twitter:image\" content=\"https:\/\/carolinagomezblanco.com\/cms\/wp-content\/uploads\/2020\/06\/15384576101545312583988598541974821645740672o.jpg\" \/>\n<meta name=\"twitter:label1\" content=\"Est. reading time\">\n\t<meta name=\"twitter:data1\" content=\"2 minutes\">\n<script type=\"application\/ld+json\" class=\"yoast-schema-graph\">{\"@context\":\"https:\/\/schema.org\",\"@graph\":[{\"@type\":\"Organization\",\"@id\":\"https:\/\/carolinagomezblanco.com\/#organization\",\"name\":\"Carolina G\\u00f3mez Blanco\",\"url\":\"https:\/\/carolinagomezblanco.com\/\",\"sameAs\":[\"https:\/\/www.instagram.com\/carolinagomezblanco_design\/\",\"https:\/\/co.pinterest.com\/carolinagomezblanco\/boards\/\"],\"logo\":{\"@type\":\"ImageObject\",\"@id\":\"https:\/\/carolinagomezblanco.com\/#logo\",\"inLanguage\":\"en-US\",\"url\":\"https:\/\/carolinagomezblanco.com\/cms\/wp-content\/uploads\/2020\/07\/caro006-scaled.jpeg\",\"contentUrl\":\"https:\/\/carolinagomezblanco.com\/cms\/wp-content\/uploads\/2020\/07\/caro006-scaled.jpeg\",\"width\":2560,\"height\":2560,\"caption\":\"Carolina G\\u00f3mez Blanco\"},\"image\":{\"@id\":\"https:\/\/carolinagomezblanco.com\/#logo\"}},{\"@type\":\"WebSite\",\"@id\":\"https:\/\/carolinagomezblanco.com\/#website\",\"url\":\"https:\/\/carolinagomezblanco.com\/\",\"name\":\"Carolina G\\u00f3mez Blanco\",\"description\":\"\",\"publisher\":{\"@id\":\"https:\/\/carolinagomezblanco.com\/#organization\"},\"potentialAction\":[{\"@type\":\"SearchAction\",\"target\":\"https:\/\/carolinagomezblanco.com\/?s={search_term_string}\",\"query-input\":\"required name=search_term_string\"}],\"inLanguage\":\"en-US\"},{\"@type\":\"ImageObject\",\"@id\":\"https:\/\/carolinagomezblanco.com\/#primaryimage\",\"inLanguage\":\"en-US\",\"url\":\"https:\/\/carolinagomezblanco.com\/cms\/wp-content\/uploads\/2020\/06\/15384576101545312583988598541974821645740672o.jpg\",\"contentUrl\":\"https:\/\/carolinagomezblanco.com\/cms\/wp-content\/uploads\/2020\/06\/15384576101545312583988598541974821645740672o.jpg\",\"width\":960,\"height\":642},{\"@type\":\"WebPage\",\"@id\":\"https:\/\/carolinagomezblanco.com\/#webpage\",\"url\":\"https:\/\/carolinagomezblanco.com\/\",\"name\":\"Inicio - Carolina G\\u00f3mez Blanco\",\"isPartOf\":{\"@id\":\"https:\/\/carolinagomezblanco.com\/#website\"},\"primaryImageOfPage\":{\"@id\":\"https:\/\/carolinagomezblanco.com\/#primaryimage\"},\"datePublished\":\"2020-05-29T02:35:40+00:00\",\"dateModified\":\"2025-01-21T18:02:46+00:00\",\"breadcrumb\":{\"@id\":\"https:\/\/carolinagomezblanco.com\/#breadcrumb\"},\"inLanguage\":\"en-US\",\"potentialAction\":[{\"@type\":\"ReadAction\",\"target\":[\"https:\/\/carolinagomezblanco.com\/\"]}]},{\"@type\":\"BreadcrumbList\",\"@id\":\"https:\/\/carolinagomezblanco.com\/#breadcrumb\",\"itemListElement\":[{\"@type\":\"ListItem\",\"position\":1,\"item\":{\"@type\":\"WebPage\",\"@id\":\"https:\/\/carolinagomezblanco.com\/\",\"url\":\"https:\/\/carolinagomezblanco.com\/\",\"name\":\"Home\"}},{\"@type\":\"ListItem\",\"position\":2,\"item\":{\"@type\":\"WebPage\",\"@id\":\"https:\/\/carolinagomezblanco.com\/\",\"url\":\"https:\/\/carolinagomezblanco.com\/\",\"name\":\"Inicio\"}}]}]}<\/script>\n<!-- \/ Yoast SEO plugin. -->","_links":{"self":[{"href":"https:\/\/carolinagomezblanco.com\/en\/wp-json\/wp\/v2\/pages\/8"}],"collection":[{"href":"https:\/\/carolinagomezblanco.com\/en\/wp-json\/wp\/v2\/pages"}],"about":[{"href":"https:\/\/carolinagomezblanco.com\/en\/wp-json\/wp\/v2\/types\/page"}],"author":[{"embeddable":true,"href":"https:\/\/carolinagomezblanco.com\/en\/wp-json\/wp\/v2\/users\/2"}],"replies":[{"embeddable":true,"href":"https:\/\/carolinagomezblanco.com\/en\/wp-json\/wp\/v2\/comments?post=8"}],"version-history":[{"count":190,"href":"https:\/\/carolinagomezblanco.com\/en\/wp-json\/wp\/v2\/pages\/8\/revisions"}],"predecessor-version":[{"id":1698,"href":"https:\/\/carolinagomezblanco.com\/en\/wp-json\/wp\/v2\/pages\/8\/revisions\/1698"}],"wp:attachment":[{"href":"https:\/\/carolinagomezblanco.com\/en\/wp-json\/wp\/v2\/media?parent=8"}],"curies":[{"name":"wp","href":"https:\/\/api.w.org\/{rel}","templated":true}]}}