{"id":683,"date":"2020-06-11T14:27:24","date_gmt":"2020-06-11T19:27:24","guid":{"rendered":"http:\/\/carolina.somosultranova.com\/comercial\/buro-4\/"},"modified":"2020-06-11T14:44:28","modified_gmt":"2020-06-11T19:44:28","slug":"mercedes-salazar","status":"publish","type":"page","link":"https:\/\/carolinagomezblanco.com\/en\/comercial\/mercedes-salazar\/","title":{"rendered":"Mercedes Salazar"},"content":{"rendered":"<h1>Mercedes Salazar<\/h1>\n    <h4>Commercial<\/h4>\n      <h3>Mercedes Salazar<\/h3><p>Design of an atypical stand, very much in the style of her brand, all handmade, highlighting the importance of ancient cultures.<\/p>    \n<h3>\n\t\tFeatured\n\t<\/h3>\n    <h4>Buro<\/h4>\n          <a href=\"http:\/\/carolinagomezblanco.com\/en\/comercial\/buro\/\" target=\"_self\" rel=\"noopener noreferrer\">\n        see more\n      <\/a>\n    <h4>Mercedes Salazar<\/h4>\n          <a href=\"http:\/\/carolinagomezblanco.com\/en\/comercial\/mercedes-salazar\/\" target=\"_self\" rel=\"noopener noreferrer\">\n        see more\n      <\/a>\n    <h4>Lauval<\/h4>\n          <a href=\"http:\/\/carolinagomezblanco.com\/en\/comercial\/lauval\/\" target=\"_self\" rel=\"noopener noreferrer\">\n        see more\n      <\/a>","protected":false},"excerpt":{"rendered":"<p>Mercedes Salazar Comercial Mercedes Salazar Dise\u00f1o de stand at\u00edpico, muy al estilo de su marca, todo hecho a mano, resaltando la importancia de las antiguas culturas. Destacados Buro Ver m\u00e1s Mercedes Salazar Ver m\u00e1s Lauval Ver m\u00e1s<\/p>","protected":false},"author":2,"featured_media":0,"parent":516,"menu_order":4,"comment_status":"closed","ping_status":"closed","template":"","meta":[],"yoast_head":"<!-- This site is optimized with the Yoast SEO plugin v16.1.1 - https:\/\/yoast.com\/wordpress\/plugins\/seo\/ -->\n<title>Mercedes Salazar - Carolina G\u00f3mez Blanco<\/title>\n<link rel=\"canonical\" href=\"https:\/\/carolinagomezblanco.com\/en\/comercial\/mercedes-salazar\/\" \/>\n<meta property=\"og:locale\" content=\"en_US\" \/>\n<meta property=\"og:type\" content=\"article\" \/>\n<meta property=\"og:title\" content=\"Mercedes Salazar - Carolina G\u00f3mez Blanco\" \/>\n<meta property=\"og:description\" content=\"Mercedes Salazar Comercial Mercedes Salazar Dise\u00f1o de stand at\u00edpico, muy al estilo de su marca, todo hecho a mano, resaltando la importancia de las antiguas culturas. Destacados Buro Ver m\u00e1s Mercedes Salazar Ver m\u00e1s Lauval Ver m\u00e1s\" \/>\n<meta property=\"og:url\" content=\"https:\/\/carolinagomezblanco.com\/en\/comercial\/mercedes-salazar\/\" \/>\n<meta property=\"og:site_name\" content=\"Carolina G\u00f3mez Blanco\" \/>\n<meta property=\"article:modified_time\" content=\"2020-06-11T19:44:28+00:00\" \/>\n<meta name=\"twitter:card\" content=\"summary_large_image\" \/>\n<script type=\"application\/ld+json\" class=\"yoast-schema-graph\">{\"@context\":\"https:\/\/schema.org\",\"@graph\":[{\"@type\":\"Organization\",\"@id\":\"https:\/\/carolinagomezblanco.com\/#organization\",\"name\":\"Carolina G\\u00f3mez Blanco\",\"url\":\"https:\/\/carolinagomezblanco.com\/\",\"sameAs\":[\"https:\/\/www.instagram.com\/carolinagomezblanco_design\/\",\"https:\/\/co.pinterest.com\/carolinagomezblanco\/boards\/\"],\"logo\":{\"@type\":\"ImageObject\",\"@id\":\"https:\/\/carolinagomezblanco.com\/#logo\",\"inLanguage\":\"en-US\",\"url\":\"https:\/\/carolinagomezblanco.com\/cms\/wp-content\/uploads\/2020\/07\/caro006-scaled.jpeg\",\"contentUrl\":\"https:\/\/carolinagomezblanco.com\/cms\/wp-content\/uploads\/2020\/07\/caro006-scaled.jpeg\",\"width\":2560,\"height\":2560,\"caption\":\"Carolina G\\u00f3mez Blanco\"},\"image\":{\"@id\":\"https:\/\/carolinagomezblanco.com\/#logo\"}},{\"@type\":\"WebSite\",\"@id\":\"https:\/\/carolinagomezblanco.com\/#website\",\"url\":\"https:\/\/carolinagomezblanco.com\/\",\"name\":\"Carolina G\\u00f3mez Blanco\",\"description\":\"\",\"publisher\":{\"@id\":\"https:\/\/carolinagomezblanco.com\/#organization\"},\"potentialAction\":[{\"@type\":\"SearchAction\",\"target\":\"https:\/\/carolinagomezblanco.com\/?s={search_term_string}\",\"query-input\":\"required name=search_term_string\"}],\"inLanguage\":\"en-US\"},{\"@type\":\"WebPage\",\"@id\":\"https:\/\/carolinagomezblanco.com\/comercial\/mercedes-salazar\/#webpage\",\"url\":\"https:\/\/carolinagomezblanco.com\/comercial\/mercedes-salazar\/\",\"name\":\"Mercedes Salazar - Carolina G\\u00f3mez Blanco\",\"isPartOf\":{\"@id\":\"https:\/\/carolinagomezblanco.com\/#website\"},\"datePublished\":\"2020-06-11T19:27:24+00:00\",\"dateModified\":\"2020-06-11T19:44:28+00:00\",\"breadcrumb\":{\"@id\":\"https:\/\/carolinagomezblanco.com\/comercial\/mercedes-salazar\/#breadcrumb\"},\"inLanguage\":\"en-US\",\"potentialAction\":[{\"@type\":\"ReadAction\",\"target\":[\"https:\/\/carolinagomezblanco.com\/comercial\/mercedes-salazar\/\"]}]},{\"@type\":\"BreadcrumbList\",\"@id\":\"https:\/\/carolinagomezblanco.com\/comercial\/mercedes-salazar\/#breadcrumb\",\"itemListElement\":[{\"@type\":\"ListItem\",\"position\":1,\"item\":{\"@type\":\"WebPage\",\"@id\":\"https:\/\/carolinagomezblanco.com\/\",\"url\":\"https:\/\/carolinagomezblanco.com\/\",\"name\":\"Home\"}},{\"@type\":\"ListItem\",\"position\":2,\"item\":{\"@type\":\"WebPage\",\"@id\":\"https:\/\/carolinagomezblanco.com\/comercial\/\",\"url\":\"https:\/\/carolinagomezblanco.com\/comercial\/\",\"name\":\"Comercial\"}},{\"@type\":\"ListItem\",\"position\":3,\"item\":{\"@type\":\"WebPage\",\"@id\":\"https:\/\/carolinagomezblanco.com\/comercial\/mercedes-salazar\/\",\"url\":\"https:\/\/carolinagomezblanco.com\/comercial\/mercedes-salazar\/\",\"name\":\"Mercedes Salazar\"}}]}]}<\/script>\n<!-- \/ Yoast SEO plugin. -->","_links":{"self":[{"href":"https:\/\/carolinagomezblanco.com\/en\/wp-json\/wp\/v2\/pages\/683"}],"collection":[{"href":"https:\/\/carolinagomezblanco.com\/en\/wp-json\/wp\/v2\/pages"}],"about":[{"href":"https:\/\/carolinagomezblanco.com\/en\/wp-json\/wp\/v2\/types\/page"}],"author":[{"embeddable":true,"href":"https:\/\/carolinagomezblanco.com\/en\/wp-json\/wp\/v2\/users\/2"}],"replies":[{"embeddable":true,"href":"https:\/\/carolinagomezblanco.com\/en\/wp-json\/wp\/v2\/comments?post=683"}],"version-history":[{"count":4,"href":"https:\/\/carolinagomezblanco.com\/en\/wp-json\/wp\/v2\/pages\/683\/revisions"}],"predecessor-version":[{"id":694,"href":"https:\/\/carolinagomezblanco.com\/en\/wp-json\/wp\/v2\/pages\/683\/revisions\/694"}],"up":[{"embeddable":true,"href":"https:\/\/carolinagomezblanco.com\/en\/wp-json\/wp\/v2\/pages\/516"}],"wp:attachment":[{"href":"https:\/\/carolinagomezblanco.com\/en\/wp-json\/wp\/v2\/media?parent=683"}],"curies":[{"name":"wp","href":"https:\/\/api.w.org\/{rel}","templated":true}]}}