{"id":620,"date":"2020-06-11T13:01:36","date_gmt":"2020-06-11T18:01:36","guid":{"rendered":"http:\/\/carolina.somosultranova.com\/hogar\/ana-torres-4\/"},"modified":"2020-06-11T15:59:57","modified_gmt":"2020-06-11T20:59:57","slug":"carolina","status":"publish","type":"page","link":"https:\/\/carolinagomezblanco.com\/en\/hogar\/carolina\/","title":{"rendered":"Carolina"},"content":{"rendered":"<h1>Carolina<\/h1>\n    <h4>Residential<\/h4>\n      <h3>Carolina y Andr\u00e9s<\/h3><p>Test de personalidad, conceptualizaci\u00f3n, renders y directorio de compras.Inspirada en el estilo ecl\u00e9ctico e industrial.<\/p>    \n<h3>\n\t\tFeatured\n\t<\/h3>\n    <h4>Catalina y Santiago<\/h4>\n          <a href=\"http:\/\/carolinagomezblanco.com\/en\/hogar\/catalina-y-santiago\/\" target=\"_self\" rel=\"noopener noreferrer\">\n        see more\n      <\/a>\n    <h4>Germ\u00e1n Olaya<\/h4>\n          <a href=\"http:\/\/carolinagomezblanco.com\/en\/hogar\/german-olaya\/\" target=\"_self\" rel=\"noopener noreferrer\">\n        see more\n      <\/a>\n    <h4>Valentina Marin<\/h4>\n          <a href=\"http:\/\/carolinagomezblanco.com\/en\/hogar\/valentina-marin\/\" target=\"_self\" rel=\"noopener noreferrer\">\n        see more\n      <\/a>","protected":false},"excerpt":{"rendered":"<p>Carolina Hogar Carolina y Andr\u00e9s Test de personalidad, conceptualizaci\u00f3n, renders y directorio de compras.Inspirada en el estilo ecl\u00e9ctico e industrial. Destacados Catalina y Santiago Ver m\u00e1s Germ\u00e1n Olaya Ver m\u00e1s Valentina Marin Ver m\u00e1s<\/p>","protected":false},"author":2,"featured_media":0,"parent":514,"menu_order":9,"comment_status":"closed","ping_status":"closed","template":"","meta":[],"yoast_head":"<!-- This site is optimized with the Yoast SEO plugin v16.1.1 - https:\/\/yoast.com\/wordpress\/plugins\/seo\/ -->\n<title>Carolina - Carolina G\u00f3mez Blanco<\/title>\n<link rel=\"canonical\" href=\"https:\/\/carolinagomezblanco.com\/en\/hogar\/carolina\/\" \/>\n<meta property=\"og:locale\" content=\"en_US\" \/>\n<meta property=\"og:type\" content=\"article\" \/>\n<meta property=\"og:title\" content=\"Carolina - Carolina G\u00f3mez Blanco\" \/>\n<meta property=\"og:description\" content=\"Carolina Hogar Carolina y Andr\u00e9s Test de personalidad, conceptualizaci\u00f3n, renders y directorio de compras.Inspirada en el estilo ecl\u00e9ctico e industrial. Destacados Catalina y Santiago Ver m\u00e1s Germ\u00e1n Olaya Ver m\u00e1s Valentina Marin Ver m\u00e1s\" \/>\n<meta property=\"og:url\" content=\"https:\/\/carolinagomezblanco.com\/en\/hogar\/carolina\/\" \/>\n<meta property=\"og:site_name\" content=\"Carolina G\u00f3mez Blanco\" \/>\n<meta property=\"article:modified_time\" content=\"2020-06-11T20:59:57+00:00\" \/>\n<meta name=\"twitter:card\" content=\"summary_large_image\" \/>\n<script type=\"application\/ld+json\" class=\"yoast-schema-graph\">{\"@context\":\"https:\/\/schema.org\",\"@graph\":[{\"@type\":\"Organization\",\"@id\":\"https:\/\/carolinagomezblanco.com\/#organization\",\"name\":\"Carolina G\\u00f3mez Blanco\",\"url\":\"https:\/\/carolinagomezblanco.com\/\",\"sameAs\":[\"https:\/\/www.instagram.com\/carolinagomezblanco_design\/\",\"https:\/\/co.pinterest.com\/carolinagomezblanco\/boards\/\"],\"logo\":{\"@type\":\"ImageObject\",\"@id\":\"https:\/\/carolinagomezblanco.com\/#logo\",\"inLanguage\":\"en-US\",\"url\":\"https:\/\/carolinagomezblanco.com\/cms\/wp-content\/uploads\/2020\/07\/caro006-scaled.jpeg\",\"contentUrl\":\"https:\/\/carolinagomezblanco.com\/cms\/wp-content\/uploads\/2020\/07\/caro006-scaled.jpeg\",\"width\":2560,\"height\":2560,\"caption\":\"Carolina G\\u00f3mez Blanco\"},\"image\":{\"@id\":\"https:\/\/carolinagomezblanco.com\/#logo\"}},{\"@type\":\"WebSite\",\"@id\":\"https:\/\/carolinagomezblanco.com\/#website\",\"url\":\"https:\/\/carolinagomezblanco.com\/\",\"name\":\"Carolina G\\u00f3mez Blanco\",\"description\":\"\",\"publisher\":{\"@id\":\"https:\/\/carolinagomezblanco.com\/#organization\"},\"potentialAction\":[{\"@type\":\"SearchAction\",\"target\":\"https:\/\/carolinagomezblanco.com\/?s={search_term_string}\",\"query-input\":\"required name=search_term_string\"}],\"inLanguage\":\"en-US\"},{\"@type\":\"WebPage\",\"@id\":\"https:\/\/carolinagomezblanco.com\/hogar\/carolina\/#webpage\",\"url\":\"https:\/\/carolinagomezblanco.com\/hogar\/carolina\/\",\"name\":\"Carolina - Carolina G\\u00f3mez Blanco\",\"isPartOf\":{\"@id\":\"https:\/\/carolinagomezblanco.com\/#website\"},\"datePublished\":\"2020-06-11T18:01:36+00:00\",\"dateModified\":\"2020-06-11T20:59:57+00:00\",\"breadcrumb\":{\"@id\":\"https:\/\/carolinagomezblanco.com\/hogar\/carolina\/#breadcrumb\"},\"inLanguage\":\"en-US\",\"potentialAction\":[{\"@type\":\"ReadAction\",\"target\":[\"https:\/\/carolinagomezblanco.com\/hogar\/carolina\/\"]}]},{\"@type\":\"BreadcrumbList\",\"@id\":\"https:\/\/carolinagomezblanco.com\/hogar\/carolina\/#breadcrumb\",\"itemListElement\":[{\"@type\":\"ListItem\",\"position\":1,\"item\":{\"@type\":\"WebPage\",\"@id\":\"https:\/\/carolinagomezblanco.com\/\",\"url\":\"https:\/\/carolinagomezblanco.com\/\",\"name\":\"Home\"}},{\"@type\":\"ListItem\",\"position\":2,\"item\":{\"@type\":\"WebPage\",\"@id\":\"https:\/\/carolinagomezblanco.com\/hogar\/\",\"url\":\"https:\/\/carolinagomezblanco.com\/hogar\/\",\"name\":\"Hogar\"}},{\"@type\":\"ListItem\",\"position\":3,\"item\":{\"@type\":\"WebPage\",\"@id\":\"https:\/\/carolinagomezblanco.com\/hogar\/carolina\/\",\"url\":\"https:\/\/carolinagomezblanco.com\/hogar\/carolina\/\",\"name\":\"Carolina\"}}]}]}<\/script>\n<!-- \/ Yoast SEO plugin. -->","_links":{"self":[{"href":"https:\/\/carolinagomezblanco.com\/en\/wp-json\/wp\/v2\/pages\/620"}],"collection":[{"href":"https:\/\/carolinagomezblanco.com\/en\/wp-json\/wp\/v2\/pages"}],"about":[{"href":"https:\/\/carolinagomezblanco.com\/en\/wp-json\/wp\/v2\/types\/page"}],"author":[{"embeddable":true,"href":"https:\/\/carolinagomezblanco.com\/en\/wp-json\/wp\/v2\/users\/2"}],"replies":[{"embeddable":true,"href":"https:\/\/carolinagomezblanco.com\/en\/wp-json\/wp\/v2\/comments?post=620"}],"version-history":[{"count":4,"href":"https:\/\/carolinagomezblanco.com\/en\/wp-json\/wp\/v2\/pages\/620\/revisions"}],"predecessor-version":[{"id":777,"href":"https:\/\/carolinagomezblanco.com\/en\/wp-json\/wp\/v2\/pages\/620\/revisions\/777"}],"up":[{"embeddable":true,"href":"https:\/\/carolinagomezblanco.com\/en\/wp-json\/wp\/v2\/pages\/514"}],"wp:attachment":[{"href":"https:\/\/carolinagomezblanco.com\/en\/wp-json\/wp\/v2\/media?parent=620"}],"curies":[{"name":"wp","href":"https:\/\/api.w.org\/{rel}","templated":true}]}}