{"id":602,"date":"2020-06-11T12:38:19","date_gmt":"2020-06-11T17:38:19","guid":{"rendered":"http:\/\/carolina.somosultranova.com\/eventos\/carolina-g-2\/"},"modified":"2021-10-27T11:56:29","modified_gmt":"2021-10-27T16:56:29","slug":"santalaia","status":"publish","type":"page","link":"https:\/\/carolinagomezblanco.com\/en\/hogar\/santalaia\/","title":{"rendered":"Santalaia"},"content":{"rendered":"<h1>Santalaia<\/h1>\n    <h4>Residential<\/h4>\n      <h3>Proyecto santalaia<\/h3><p>Santalaia un proyecto el cual intervine el 100% en su dise\u00f1o, conceptualizaci\u00f3n y elaboraci\u00f3n de mobiliario, compra de objetos decorativos y desarrollo.Cada espacio fue pensado para que hiciera parte de un apartamento \u00fanico y con sello propio.Un proyecto que juega con la naturaleza, el buen gusto y la modernidad, es por esto que lo llame VIDA, porque es la s\u00edntesis de un proyecto que naci\u00f3 para seguir evolucionando.<\/p>    \n<h3>\n\t\tFeatured\n\t<\/h3>\n    <h4>Catalina y Santiago<\/h4>\n          <a href=\"http:\/\/carolinagomezblanco.com\/en\/hogar\/catalina-y-santiago\/\" target=\"_self\" rel=\"noopener\">\n        see more\n      <\/a>\n    <h4>Germ\u00e1n Olaya<\/h4>\n          <a href=\"http:\/\/carolinagomezblanco.com\/en\/hogar\/german-olaya\/\" target=\"_self\" rel=\"noopener\">\n        see more\n      <\/a>\n    <h4>Valentina Marin<\/h4>\n          <a href=\"http:\/\/carolinagomezblanco.com\/en\/hogar\/valentina-marin\/\" target=\"_self\" rel=\"noopener\">\n        see more\n      <\/a>","protected":false},"excerpt":{"rendered":"<p>Santalaia Hogar Proyecto santalaia Santalaia un proyecto el cual intervine el 100% en su dise\u00f1o, conceptualizaci\u00f3n y elaboraci\u00f3n de mobiliario, compra de objetos decorativos y desarrollo.Cada espacio fue pensado para que hiciera parte de un apartamento \u00fanico y con sello propio.Un proyecto que juega con la naturaleza, el buen gusto y la modernidad, es por &hellip;<\/p>\n<p class=\"read-more\"> <a class=\"\" href=\"https:\/\/carolinagomezblanco.com\/en\/hogar\/santalaia\/\"> <span class=\"screen-reader-text\">Santalaia<\/span> Read More &raquo;<\/a><\/p>","protected":false},"author":2,"featured_media":0,"parent":514,"menu_order":1,"comment_status":"closed","ping_status":"closed","template":"","meta":[],"yoast_head":"<!-- This site is optimized with the Yoast SEO plugin v16.1.1 - https:\/\/yoast.com\/wordpress\/plugins\/seo\/ -->\n<title>Santalaia - Carolina G\u00f3mez Blanco<\/title>\n<link rel=\"canonical\" href=\"https:\/\/carolinagomezblanco.com\/en\/hogar\/santalaia\/\" \/>\n<meta property=\"og:locale\" content=\"en_US\" \/>\n<meta property=\"og:type\" content=\"article\" \/>\n<meta property=\"og:title\" content=\"Santalaia - Carolina G\u00f3mez Blanco\" \/>\n<meta property=\"og:description\" content=\"Santalaia Hogar Proyecto santalaia Santalaia un proyecto el cual intervine el 100% en su dise\u00f1o, conceptualizaci\u00f3n y elaboraci\u00f3n de mobiliario, compra de objetos decorativos y desarrollo.Cada espacio fue pensado para que hiciera parte de un apartamento \u00fanico y con sello propio.Un proyecto que juega con la naturaleza, el buen gusto y la modernidad, es por &hellip; Santalaia Read More &raquo;\" \/>\n<meta property=\"og:url\" content=\"https:\/\/carolinagomezblanco.com\/en\/hogar\/santalaia\/\" \/>\n<meta property=\"og:site_name\" content=\"Carolina G\u00f3mez Blanco\" \/>\n<meta property=\"article:modified_time\" content=\"2021-10-27T16:56:29+00:00\" \/>\n<meta name=\"twitter:card\" content=\"summary_large_image\" \/>\n<script type=\"application\/ld+json\" class=\"yoast-schema-graph\">{\"@context\":\"https:\/\/schema.org\",\"@graph\":[{\"@type\":\"Organization\",\"@id\":\"https:\/\/carolinagomezblanco.com\/#organization\",\"name\":\"Carolina G\\u00f3mez Blanco\",\"url\":\"https:\/\/carolinagomezblanco.com\/\",\"sameAs\":[\"https:\/\/www.instagram.com\/carolinagomezblanco_design\/\",\"https:\/\/co.pinterest.com\/carolinagomezblanco\/boards\/\"],\"logo\":{\"@type\":\"ImageObject\",\"@id\":\"https:\/\/carolinagomezblanco.com\/#logo\",\"inLanguage\":\"en-US\",\"url\":\"https:\/\/carolinagomezblanco.com\/cms\/wp-content\/uploads\/2020\/07\/caro006-scaled.jpeg\",\"contentUrl\":\"https:\/\/carolinagomezblanco.com\/cms\/wp-content\/uploads\/2020\/07\/caro006-scaled.jpeg\",\"width\":2560,\"height\":2560,\"caption\":\"Carolina G\\u00f3mez Blanco\"},\"image\":{\"@id\":\"https:\/\/carolinagomezblanco.com\/#logo\"}},{\"@type\":\"WebSite\",\"@id\":\"https:\/\/carolinagomezblanco.com\/#website\",\"url\":\"https:\/\/carolinagomezblanco.com\/\",\"name\":\"Carolina G\\u00f3mez Blanco\",\"description\":\"\",\"publisher\":{\"@id\":\"https:\/\/carolinagomezblanco.com\/#organization\"},\"potentialAction\":[{\"@type\":\"SearchAction\",\"target\":\"https:\/\/carolinagomezblanco.com\/?s={search_term_string}\",\"query-input\":\"required name=search_term_string\"}],\"inLanguage\":\"en-US\"},{\"@type\":\"WebPage\",\"@id\":\"https:\/\/carolinagomezblanco.com\/hogar\/santalaia\/#webpage\",\"url\":\"https:\/\/carolinagomezblanco.com\/hogar\/santalaia\/\",\"name\":\"Santalaia - Carolina G\\u00f3mez Blanco\",\"isPartOf\":{\"@id\":\"https:\/\/carolinagomezblanco.com\/#website\"},\"datePublished\":\"2020-06-11T17:38:19+00:00\",\"dateModified\":\"2021-10-27T16:56:29+00:00\",\"breadcrumb\":{\"@id\":\"https:\/\/carolinagomezblanco.com\/hogar\/santalaia\/#breadcrumb\"},\"inLanguage\":\"en-US\",\"potentialAction\":[{\"@type\":\"ReadAction\",\"target\":[\"https:\/\/carolinagomezblanco.com\/hogar\/santalaia\/\"]}]},{\"@type\":\"BreadcrumbList\",\"@id\":\"https:\/\/carolinagomezblanco.com\/hogar\/santalaia\/#breadcrumb\",\"itemListElement\":[{\"@type\":\"ListItem\",\"position\":1,\"item\":{\"@type\":\"WebPage\",\"@id\":\"https:\/\/carolinagomezblanco.com\/\",\"url\":\"https:\/\/carolinagomezblanco.com\/\",\"name\":\"Home\"}},{\"@type\":\"ListItem\",\"position\":2,\"item\":{\"@type\":\"WebPage\",\"@id\":\"https:\/\/carolinagomezblanco.com\/hogar\/\",\"url\":\"https:\/\/carolinagomezblanco.com\/hogar\/\",\"name\":\"Hogar\"}},{\"@type\":\"ListItem\",\"position\":3,\"item\":{\"@type\":\"WebPage\",\"@id\":\"https:\/\/carolinagomezblanco.com\/hogar\/santalaia\/\",\"url\":\"https:\/\/carolinagomezblanco.com\/hogar\/santalaia\/\",\"name\":\"Santalaia\"}}]}]}<\/script>\n<!-- \/ Yoast SEO plugin. -->","_links":{"self":[{"href":"https:\/\/carolinagomezblanco.com\/en\/wp-json\/wp\/v2\/pages\/602"}],"collection":[{"href":"https:\/\/carolinagomezblanco.com\/en\/wp-json\/wp\/v2\/pages"}],"about":[{"href":"https:\/\/carolinagomezblanco.com\/en\/wp-json\/wp\/v2\/types\/page"}],"author":[{"embeddable":true,"href":"https:\/\/carolinagomezblanco.com\/en\/wp-json\/wp\/v2\/users\/2"}],"replies":[{"embeddable":true,"href":"https:\/\/carolinagomezblanco.com\/en\/wp-json\/wp\/v2\/comments?post=602"}],"version-history":[{"count":14,"href":"https:\/\/carolinagomezblanco.com\/en\/wp-json\/wp\/v2\/pages\/602\/revisions"}],"predecessor-version":[{"id":1422,"href":"https:\/\/carolinagomezblanco.com\/en\/wp-json\/wp\/v2\/pages\/602\/revisions\/1422"}],"up":[{"embeddable":true,"href":"https:\/\/carolinagomezblanco.com\/en\/wp-json\/wp\/v2\/pages\/514"}],"wp:attachment":[{"href":"https:\/\/carolinagomezblanco.com\/en\/wp-json\/wp\/v2\/media?parent=602"}],"curies":[{"name":"wp","href":"https:\/\/api.w.org\/{rel}","templated":true}]}}