{"id":574,"date":"2020-06-11T12:07:50","date_gmt":"2020-06-11T17:07:50","guid":{"rendered":"http:\/\/carolina.somosultranova.com\/eventos\/carolina-g-9\/"},"modified":"2020-06-12T15:04:29","modified_gmt":"2020-06-12T20:04:29","slug":"mario-y-lucero","status":"publish","type":"page","link":"https:\/\/carolinagomezblanco.com\/en\/eventos\/mario-y-lucero\/","title":{"rendered":"Mario and Lucero"},"content":{"rendered":"<h1>Mario and Lucero<\/h1>\n    <h4>Events<\/h4>\n      <h3>Mario and Lucero<\/h3><p>A wedding at the Country Club of Bogot\u00e1, inspired by Los Altos de Chav\u00f3n, an Italian village.<\/p>    \n<h3>\n\t\tFeatured\n\t<\/h3>\n    <h4>Mar\u00eda Manotas<\/h4>\n          <a href=\"http:\/\/carolinagomezblanco.com\/en\/eventos\/maria-manotas-y-riano\/\" target=\"_self\" rel=\"noopener noreferrer\">\n        see more\n      <\/a>\n    <h4>Laura Vasquez<\/h4>\n          <a href=\"http:\/\/carolinagomezblanco.com\/en\/eventos\/laura-vasquez\/\" target=\"_self\" rel=\"noopener noreferrer\">\n        see more\n      <\/a>\n    <h4>Juliana Jaramillo<\/h4>\n          <a href=\"http:\/\/carolinagomezblanco.com\/en\/eventos\/juliana-jaramillo\/\" target=\"_self\" rel=\"noopener noreferrer\">\n        see more\n      <\/a>","protected":false},"excerpt":{"rendered":"<p>Mario y Lucero Eventos Mario y Lucero Matrimonio en el Country Club de Bogot\u00e1. Inspirado en Los Altos de Chav\u00f3n, una villa italiana. Destacados Mar\u00eda Manotas Ver m\u00e1s Laura Vasquez Ver m\u00e1s Juliana Jaramillo Ver m\u00e1s<\/p>","protected":false},"author":2,"featured_media":0,"parent":518,"menu_order":8,"comment_status":"closed","ping_status":"closed","template":"","meta":[],"yoast_head":"<!-- This site is optimized with the Yoast SEO plugin v16.1.1 - https:\/\/yoast.com\/wordpress\/plugins\/seo\/ -->\n<title>Mario y Lucero - Carolina G\u00f3mez Blanco<\/title>\n<link rel=\"canonical\" href=\"https:\/\/carolinagomezblanco.com\/en\/eventos\/mario-y-lucero\/\" \/>\n<meta property=\"og:locale\" content=\"en_US\" \/>\n<meta property=\"og:type\" content=\"article\" \/>\n<meta property=\"og:title\" content=\"Mario y Lucero - Carolina G\u00f3mez Blanco\" \/>\n<meta property=\"og:description\" content=\"Mario y Lucero Eventos Mario y Lucero Matrimonio en el Country Club de Bogot\u00e1. Inspirado en Los Altos de Chav\u00f3n, una villa italiana. Destacados Mar\u00eda Manotas Ver m\u00e1s Laura Vasquez Ver m\u00e1s Juliana Jaramillo Ver m\u00e1s\" \/>\n<meta property=\"og:url\" content=\"https:\/\/carolinagomezblanco.com\/en\/eventos\/mario-y-lucero\/\" \/>\n<meta property=\"og:site_name\" content=\"Carolina G\u00f3mez Blanco\" \/>\n<meta property=\"article:modified_time\" content=\"2020-06-12T20:04:29+00:00\" \/>\n<meta name=\"twitter:card\" content=\"summary_large_image\" \/>\n<script type=\"application\/ld+json\" class=\"yoast-schema-graph\">{\"@context\":\"https:\/\/schema.org\",\"@graph\":[{\"@type\":\"Organization\",\"@id\":\"https:\/\/carolinagomezblanco.com\/#organization\",\"name\":\"Carolina G\\u00f3mez Blanco\",\"url\":\"https:\/\/carolinagomezblanco.com\/\",\"sameAs\":[\"https:\/\/www.instagram.com\/carolinagomezblanco_design\/\",\"https:\/\/co.pinterest.com\/carolinagomezblanco\/boards\/\"],\"logo\":{\"@type\":\"ImageObject\",\"@id\":\"https:\/\/carolinagomezblanco.com\/#logo\",\"inLanguage\":\"en-US\",\"url\":\"https:\/\/carolinagomezblanco.com\/cms\/wp-content\/uploads\/2020\/07\/caro006-scaled.jpeg\",\"contentUrl\":\"https:\/\/carolinagomezblanco.com\/cms\/wp-content\/uploads\/2020\/07\/caro006-scaled.jpeg\",\"width\":2560,\"height\":2560,\"caption\":\"Carolina G\\u00f3mez Blanco\"},\"image\":{\"@id\":\"https:\/\/carolinagomezblanco.com\/#logo\"}},{\"@type\":\"WebSite\",\"@id\":\"https:\/\/carolinagomezblanco.com\/#website\",\"url\":\"https:\/\/carolinagomezblanco.com\/\",\"name\":\"Carolina G\\u00f3mez Blanco\",\"description\":\"\",\"publisher\":{\"@id\":\"https:\/\/carolinagomezblanco.com\/#organization\"},\"potentialAction\":[{\"@type\":\"SearchAction\",\"target\":\"https:\/\/carolinagomezblanco.com\/?s={search_term_string}\",\"query-input\":\"required name=search_term_string\"}],\"inLanguage\":\"en-US\"},{\"@type\":\"WebPage\",\"@id\":\"https:\/\/carolinagomezblanco.com\/eventos\/mario-y-lucero\/#webpage\",\"url\":\"https:\/\/carolinagomezblanco.com\/eventos\/mario-y-lucero\/\",\"name\":\"Mario y Lucero - Carolina G\\u00f3mez Blanco\",\"isPartOf\":{\"@id\":\"https:\/\/carolinagomezblanco.com\/#website\"},\"datePublished\":\"2020-06-11T17:07:50+00:00\",\"dateModified\":\"2020-06-12T20:04:29+00:00\",\"breadcrumb\":{\"@id\":\"https:\/\/carolinagomezblanco.com\/eventos\/mario-y-lucero\/#breadcrumb\"},\"inLanguage\":\"en-US\",\"potentialAction\":[{\"@type\":\"ReadAction\",\"target\":[\"https:\/\/carolinagomezblanco.com\/eventos\/mario-y-lucero\/\"]}]},{\"@type\":\"BreadcrumbList\",\"@id\":\"https:\/\/carolinagomezblanco.com\/eventos\/mario-y-lucero\/#breadcrumb\",\"itemListElement\":[{\"@type\":\"ListItem\",\"position\":1,\"item\":{\"@type\":\"WebPage\",\"@id\":\"https:\/\/carolinagomezblanco.com\/\",\"url\":\"https:\/\/carolinagomezblanco.com\/\",\"name\":\"Home\"}},{\"@type\":\"ListItem\",\"position\":2,\"item\":{\"@type\":\"WebPage\",\"@id\":\"https:\/\/carolinagomezblanco.com\/eventos\/\",\"url\":\"https:\/\/carolinagomezblanco.com\/eventos\/\",\"name\":\"Eventos\"}},{\"@type\":\"ListItem\",\"position\":3,\"item\":{\"@type\":\"WebPage\",\"@id\":\"https:\/\/carolinagomezblanco.com\/eventos\/mario-y-lucero\/\",\"url\":\"https:\/\/carolinagomezblanco.com\/eventos\/mario-y-lucero\/\",\"name\":\"Mario y Lucero\"}}]}]}<\/script>\n<!-- \/ Yoast SEO plugin. -->","_links":{"self":[{"href":"https:\/\/carolinagomezblanco.com\/en\/wp-json\/wp\/v2\/pages\/574"}],"collection":[{"href":"https:\/\/carolinagomezblanco.com\/en\/wp-json\/wp\/v2\/pages"}],"about":[{"href":"https:\/\/carolinagomezblanco.com\/en\/wp-json\/wp\/v2\/types\/page"}],"author":[{"embeddable":true,"href":"https:\/\/carolinagomezblanco.com\/en\/wp-json\/wp\/v2\/users\/2"}],"replies":[{"embeddable":true,"href":"https:\/\/carolinagomezblanco.com\/en\/wp-json\/wp\/v2\/comments?post=574"}],"version-history":[{"count":6,"href":"https:\/\/carolinagomezblanco.com\/en\/wp-json\/wp\/v2\/pages\/574\/revisions"}],"predecessor-version":[{"id":829,"href":"https:\/\/carolinagomezblanco.com\/en\/wp-json\/wp\/v2\/pages\/574\/revisions\/829"}],"up":[{"embeddable":true,"href":"https:\/\/carolinagomezblanco.com\/en\/wp-json\/wp\/v2\/pages\/518"}],"wp:attachment":[{"href":"https:\/\/carolinagomezblanco.com\/en\/wp-json\/wp\/v2\/media?parent=574"}],"curies":[{"name":"wp","href":"https:\/\/api.w.org\/{rel}","templated":true}]}}