{"id":573,"date":"2020-06-11T12:07:50","date_gmt":"2020-06-11T17:07:50","guid":{"rendered":"http:\/\/carolina.somosultranova.com\/eventos\/carolina-g-8\/"},"modified":"2020-06-12T17:02:09","modified_gmt":"2020-06-12T22:02:09","slug":"maria-paola","status":"publish","type":"page","link":"https:\/\/carolinagomezblanco.com\/en\/eventos\/maria-paola\/","title":{"rendered":"Mar\u00eda Paola"},"content":{"rendered":"<h1>Mar\u00eda Paola<\/h1>\r\n<h4>Events<\/h4>\r\n<h3>Mar\u00eda Paola<\/h3>\r\n<p>A house party inspired by spring; the area was decorated with flowers.<\/p>\r\n<h3>Featured<\/h3>\r\n<h4>Mar\u00eda Manotas<\/h4>\r\n<p><a href=\"http:\/\/carolinagomezblanco.com\/en\/eventos\/maria-manotas-y-riano\/\" target=\"_self\" rel=\"noopener noreferrer\"> see more <\/a><\/p>\r\n<h4>Laura Vasquez<\/h4>\r\n<p><a href=\"http:\/\/carolinagomezblanco.com\/en\/eventos\/laura-vasquez\/\" target=\"_self\" rel=\"noopener noreferrer\"> see more <\/a><\/p>\r\n<h4>Juliana Jaramillo<\/h4>\r\n<p><a href=\"http:\/\/carolinagomezblanco.com\/en\/eventos\/juliana-jaramillo\/\" target=\"_self\" rel=\"noopener noreferrer\"> see more <\/a><\/p>","protected":false},"excerpt":{"rendered":"<p>Mar\u00eda Paola Eventos Mar\u00eda Paola Una fiesta en casa, inspirada en la primavera, el \u00e1rea fue decorada con flores. Destacados Mar\u00eda Manotas Ver m\u00e1s Laura Vasquez Ver m\u00e1s Juliana Jaramillo Ver m\u00e1s<\/p>","protected":false},"author":2,"featured_media":0,"parent":518,"menu_order":7,"comment_status":"closed","ping_status":"closed","template":"","meta":[],"yoast_head":"<!-- This site is optimized with the Yoast SEO plugin v16.1.1 - https:\/\/yoast.com\/wordpress\/plugins\/seo\/ -->\n<title>Mar\u00eda Paola - Carolina G\u00f3mez Blanco<\/title>\n<link rel=\"canonical\" href=\"https:\/\/carolinagomezblanco.com\/en\/eventos\/maria-paola\/\" \/>\n<meta property=\"og:locale\" content=\"en_US\" \/>\n<meta property=\"og:type\" content=\"article\" \/>\n<meta property=\"og:title\" content=\"Mar\u00eda Paola - Carolina G\u00f3mez Blanco\" \/>\n<meta property=\"og:description\" content=\"Mar\u00eda Paola Eventos Mar\u00eda Paola Una fiesta en casa, inspirada en la primavera, el \u00e1rea fue decorada con flores. Destacados Mar\u00eda Manotas Ver m\u00e1s Laura Vasquez Ver m\u00e1s Juliana Jaramillo Ver m\u00e1s\" \/>\n<meta property=\"og:url\" content=\"https:\/\/carolinagomezblanco.com\/en\/eventos\/maria-paola\/\" \/>\n<meta property=\"og:site_name\" content=\"Carolina G\u00f3mez Blanco\" \/>\n<meta property=\"article:modified_time\" content=\"2020-06-12T22:02:09+00:00\" \/>\n<meta name=\"twitter:card\" content=\"summary_large_image\" \/>\n<script type=\"application\/ld+json\" class=\"yoast-schema-graph\">{\"@context\":\"https:\/\/schema.org\",\"@graph\":[{\"@type\":\"Organization\",\"@id\":\"https:\/\/carolinagomezblanco.com\/#organization\",\"name\":\"Carolina G\\u00f3mez Blanco\",\"url\":\"https:\/\/carolinagomezblanco.com\/\",\"sameAs\":[\"https:\/\/www.instagram.com\/carolinagomezblanco_design\/\",\"https:\/\/co.pinterest.com\/carolinagomezblanco\/boards\/\"],\"logo\":{\"@type\":\"ImageObject\",\"@id\":\"https:\/\/carolinagomezblanco.com\/#logo\",\"inLanguage\":\"en-US\",\"url\":\"https:\/\/carolinagomezblanco.com\/cms\/wp-content\/uploads\/2020\/07\/caro006-scaled.jpeg\",\"contentUrl\":\"https:\/\/carolinagomezblanco.com\/cms\/wp-content\/uploads\/2020\/07\/caro006-scaled.jpeg\",\"width\":2560,\"height\":2560,\"caption\":\"Carolina G\\u00f3mez Blanco\"},\"image\":{\"@id\":\"https:\/\/carolinagomezblanco.com\/#logo\"}},{\"@type\":\"WebSite\",\"@id\":\"https:\/\/carolinagomezblanco.com\/#website\",\"url\":\"https:\/\/carolinagomezblanco.com\/\",\"name\":\"Carolina G\\u00f3mez Blanco\",\"description\":\"\",\"publisher\":{\"@id\":\"https:\/\/carolinagomezblanco.com\/#organization\"},\"potentialAction\":[{\"@type\":\"SearchAction\",\"target\":\"https:\/\/carolinagomezblanco.com\/?s={search_term_string}\",\"query-input\":\"required name=search_term_string\"}],\"inLanguage\":\"en-US\"},{\"@type\":\"WebPage\",\"@id\":\"https:\/\/carolinagomezblanco.com\/eventos\/maria-paola\/#webpage\",\"url\":\"https:\/\/carolinagomezblanco.com\/eventos\/maria-paola\/\",\"name\":\"Mar\\u00eda Paola - Carolina G\\u00f3mez Blanco\",\"isPartOf\":{\"@id\":\"https:\/\/carolinagomezblanco.com\/#website\"},\"datePublished\":\"2020-06-11T17:07:50+00:00\",\"dateModified\":\"2020-06-12T22:02:09+00:00\",\"breadcrumb\":{\"@id\":\"https:\/\/carolinagomezblanco.com\/eventos\/maria-paola\/#breadcrumb\"},\"inLanguage\":\"en-US\",\"potentialAction\":[{\"@type\":\"ReadAction\",\"target\":[\"https:\/\/carolinagomezblanco.com\/eventos\/maria-paola\/\"]}]},{\"@type\":\"BreadcrumbList\",\"@id\":\"https:\/\/carolinagomezblanco.com\/eventos\/maria-paola\/#breadcrumb\",\"itemListElement\":[{\"@type\":\"ListItem\",\"position\":1,\"item\":{\"@type\":\"WebPage\",\"@id\":\"https:\/\/carolinagomezblanco.com\/\",\"url\":\"https:\/\/carolinagomezblanco.com\/\",\"name\":\"Home\"}},{\"@type\":\"ListItem\",\"position\":2,\"item\":{\"@type\":\"WebPage\",\"@id\":\"https:\/\/carolinagomezblanco.com\/eventos\/\",\"url\":\"https:\/\/carolinagomezblanco.com\/eventos\/\",\"name\":\"Eventos\"}},{\"@type\":\"ListItem\",\"position\":3,\"item\":{\"@type\":\"WebPage\",\"@id\":\"https:\/\/carolinagomezblanco.com\/eventos\/maria-paola\/\",\"url\":\"https:\/\/carolinagomezblanco.com\/eventos\/maria-paola\/\",\"name\":\"Mar\\u00eda Paola\"}}]}]}<\/script>\n<!-- \/ Yoast SEO plugin. -->","_links":{"self":[{"href":"https:\/\/carolinagomezblanco.com\/en\/wp-json\/wp\/v2\/pages\/573"}],"collection":[{"href":"https:\/\/carolinagomezblanco.com\/en\/wp-json\/wp\/v2\/pages"}],"about":[{"href":"https:\/\/carolinagomezblanco.com\/en\/wp-json\/wp\/v2\/types\/page"}],"author":[{"embeddable":true,"href":"https:\/\/carolinagomezblanco.com\/en\/wp-json\/wp\/v2\/users\/2"}],"replies":[{"embeddable":true,"href":"https:\/\/carolinagomezblanco.com\/en\/wp-json\/wp\/v2\/comments?post=573"}],"version-history":[{"count":8,"href":"https:\/\/carolinagomezblanco.com\/en\/wp-json\/wp\/v2\/pages\/573\/revisions"}],"predecessor-version":[{"id":878,"href":"https:\/\/carolinagomezblanco.com\/en\/wp-json\/wp\/v2\/pages\/573\/revisions\/878"}],"up":[{"embeddable":true,"href":"https:\/\/carolinagomezblanco.com\/en\/wp-json\/wp\/v2\/pages\/518"}],"wp:attachment":[{"href":"https:\/\/carolinagomezblanco.com\/en\/wp-json\/wp\/v2\/media?parent=573"}],"curies":[{"name":"wp","href":"https:\/\/api.w.org\/{rel}","templated":true}]}}