{"id":571,"date":"2020-06-11T12:07:50","date_gmt":"2020-06-11T17:07:50","guid":{"rendered":"http:\/\/carolina.somosultranova.com\/eventos\/carolina-g-6\/"},"modified":"2020-06-12T17:01:03","modified_gmt":"2020-06-12T22:01:03","slug":"claudia-y-jeison","status":"publish","type":"page","link":"https:\/\/carolinagomezblanco.com\/en\/eventos\/claudia-y-jeison\/","title":{"rendered":"Claudia and Jeison"},"content":{"rendered":"<h1>Claudia and Jeison<\/h1>\r\n<h4>Events<\/h4>\r\n<h3>Claudia and Jeison<\/h3>\r\n<p>A wedding in a hacienda on the outskirts of Bogot\u00e1 in an elegant style inspired by the 1920s.<\/p>\r\n<h3>Featured<\/h3>\r\n<h4>Mar\u00eda Manotas<\/h4>\r\n<p><a href=\"http:\/\/carolinagomezblanco.com\/en\/eventos\/maria-manotas-y-riano\/\" target=\"_self\" rel=\"noopener noreferrer\"> see more <\/a><\/p>\r\n<h4>Laura Vasquez<\/h4>\r\n<p><a href=\"http:\/\/carolinagomezblanco.com\/en\/eventos\/laura-vasquez\/\" target=\"_self\" rel=\"noopener noreferrer\"> see more <\/a><\/p>\r\n<h4>Juliana Jaramillo<\/h4>\r\n<p><a href=\"http:\/\/carolinagomezblanco.com\/en\/eventos\/juliana-jaramillo\/\" target=\"_self\" rel=\"noopener noreferrer\"> see more <\/a><\/p>","protected":false},"excerpt":{"rendered":"<p>Claudia y Jeison Eventos Claudia y Jeison Un matrimonio en una hacienda a las afueras de Bogot\u00e1 al estilo elegante inspirado en los a\u00f1os 20\u2019s. Destacados Mar\u00eda Manotas Ver m\u00e1s Laura Vasquez Ver m\u00e1s Juliana Jaramillo Ver m\u00e1s<\/p>","protected":false},"author":2,"featured_media":0,"parent":518,"menu_order":5,"comment_status":"closed","ping_status":"closed","template":"","meta":[],"yoast_head":"<!-- This site is optimized with the Yoast SEO plugin v16.1.1 - https:\/\/yoast.com\/wordpress\/plugins\/seo\/ -->\n<title>Claudia y Jeison - Carolina G\u00f3mez Blanco<\/title>\n<link rel=\"canonical\" href=\"https:\/\/carolinagomezblanco.com\/en\/eventos\/claudia-y-jeison\/\" \/>\n<meta property=\"og:locale\" content=\"en_US\" \/>\n<meta property=\"og:type\" content=\"article\" \/>\n<meta property=\"og:title\" content=\"Claudia y Jeison - Carolina G\u00f3mez Blanco\" \/>\n<meta property=\"og:description\" content=\"Claudia y Jeison Eventos Claudia y Jeison Un matrimonio en una hacienda a las afueras de Bogot\u00e1 al estilo elegante inspirado en los a\u00f1os 20\u2019s. Destacados Mar\u00eda Manotas Ver m\u00e1s Laura Vasquez Ver m\u00e1s Juliana Jaramillo Ver m\u00e1s\" \/>\n<meta property=\"og:url\" content=\"https:\/\/carolinagomezblanco.com\/en\/eventos\/claudia-y-jeison\/\" \/>\n<meta property=\"og:site_name\" content=\"Carolina G\u00f3mez Blanco\" \/>\n<meta property=\"article:modified_time\" content=\"2020-06-12T22:01:03+00:00\" \/>\n<meta name=\"twitter:card\" content=\"summary_large_image\" \/>\n<script type=\"application\/ld+json\" class=\"yoast-schema-graph\">{\"@context\":\"https:\/\/schema.org\",\"@graph\":[{\"@type\":\"Organization\",\"@id\":\"https:\/\/carolinagomezblanco.com\/#organization\",\"name\":\"Carolina G\\u00f3mez Blanco\",\"url\":\"https:\/\/carolinagomezblanco.com\/\",\"sameAs\":[\"https:\/\/www.instagram.com\/carolinagomezblanco_design\/\",\"https:\/\/co.pinterest.com\/carolinagomezblanco\/boards\/\"],\"logo\":{\"@type\":\"ImageObject\",\"@id\":\"https:\/\/carolinagomezblanco.com\/#logo\",\"inLanguage\":\"en-US\",\"url\":\"https:\/\/carolinagomezblanco.com\/cms\/wp-content\/uploads\/2020\/07\/caro006-scaled.jpeg\",\"contentUrl\":\"https:\/\/carolinagomezblanco.com\/cms\/wp-content\/uploads\/2020\/07\/caro006-scaled.jpeg\",\"width\":2560,\"height\":2560,\"caption\":\"Carolina G\\u00f3mez Blanco\"},\"image\":{\"@id\":\"https:\/\/carolinagomezblanco.com\/#logo\"}},{\"@type\":\"WebSite\",\"@id\":\"https:\/\/carolinagomezblanco.com\/#website\",\"url\":\"https:\/\/carolinagomezblanco.com\/\",\"name\":\"Carolina G\\u00f3mez Blanco\",\"description\":\"\",\"publisher\":{\"@id\":\"https:\/\/carolinagomezblanco.com\/#organization\"},\"potentialAction\":[{\"@type\":\"SearchAction\",\"target\":\"https:\/\/carolinagomezblanco.com\/?s={search_term_string}\",\"query-input\":\"required name=search_term_string\"}],\"inLanguage\":\"en-US\"},{\"@type\":\"WebPage\",\"@id\":\"https:\/\/carolinagomezblanco.com\/eventos\/claudia-y-jeison\/#webpage\",\"url\":\"https:\/\/carolinagomezblanco.com\/eventos\/claudia-y-jeison\/\",\"name\":\"Claudia y Jeison - Carolina G\\u00f3mez Blanco\",\"isPartOf\":{\"@id\":\"https:\/\/carolinagomezblanco.com\/#website\"},\"datePublished\":\"2020-06-11T17:07:50+00:00\",\"dateModified\":\"2020-06-12T22:01:03+00:00\",\"breadcrumb\":{\"@id\":\"https:\/\/carolinagomezblanco.com\/eventos\/claudia-y-jeison\/#breadcrumb\"},\"inLanguage\":\"en-US\",\"potentialAction\":[{\"@type\":\"ReadAction\",\"target\":[\"https:\/\/carolinagomezblanco.com\/eventos\/claudia-y-jeison\/\"]}]},{\"@type\":\"BreadcrumbList\",\"@id\":\"https:\/\/carolinagomezblanco.com\/eventos\/claudia-y-jeison\/#breadcrumb\",\"itemListElement\":[{\"@type\":\"ListItem\",\"position\":1,\"item\":{\"@type\":\"WebPage\",\"@id\":\"https:\/\/carolinagomezblanco.com\/\",\"url\":\"https:\/\/carolinagomezblanco.com\/\",\"name\":\"Home\"}},{\"@type\":\"ListItem\",\"position\":2,\"item\":{\"@type\":\"WebPage\",\"@id\":\"https:\/\/carolinagomezblanco.com\/eventos\/\",\"url\":\"https:\/\/carolinagomezblanco.com\/eventos\/\",\"name\":\"Eventos\"}},{\"@type\":\"ListItem\",\"position\":3,\"item\":{\"@type\":\"WebPage\",\"@id\":\"https:\/\/carolinagomezblanco.com\/eventos\/claudia-y-jeison\/\",\"url\":\"https:\/\/carolinagomezblanco.com\/eventos\/claudia-y-jeison\/\",\"name\":\"Claudia y Jeison\"}}]}]}<\/script>\n<!-- \/ Yoast SEO plugin. -->","_links":{"self":[{"href":"https:\/\/carolinagomezblanco.com\/en\/wp-json\/wp\/v2\/pages\/571"}],"collection":[{"href":"https:\/\/carolinagomezblanco.com\/en\/wp-json\/wp\/v2\/pages"}],"about":[{"href":"https:\/\/carolinagomezblanco.com\/en\/wp-json\/wp\/v2\/types\/page"}],"author":[{"embeddable":true,"href":"https:\/\/carolinagomezblanco.com\/en\/wp-json\/wp\/v2\/users\/2"}],"replies":[{"embeddable":true,"href":"https:\/\/carolinagomezblanco.com\/en\/wp-json\/wp\/v2\/comments?post=571"}],"version-history":[{"count":8,"href":"https:\/\/carolinagomezblanco.com\/en\/wp-json\/wp\/v2\/pages\/571\/revisions"}],"predecessor-version":[{"id":876,"href":"https:\/\/carolinagomezblanco.com\/en\/wp-json\/wp\/v2\/pages\/571\/revisions\/876"}],"up":[{"embeddable":true,"href":"https:\/\/carolinagomezblanco.com\/en\/wp-json\/wp\/v2\/pages\/518"}],"wp:attachment":[{"href":"https:\/\/carolinagomezblanco.com\/en\/wp-json\/wp\/v2\/media?parent=571"}],"curies":[{"name":"wp","href":"https:\/\/api.w.org\/{rel}","templated":true}]}}