{"id":570,"date":"2020-06-11T12:07:50","date_gmt":"2020-06-11T17:07:50","guid":{"rendered":"http:\/\/carolina.somosultranova.com\/eventos\/carolina-g-5\/"},"modified":"2020-06-12T16:58:48","modified_gmt":"2020-06-12T21:58:48","slug":"laura-y-sebastian","status":"publish","type":"page","link":"https:\/\/carolinagomezblanco.com\/en\/eventos\/laura-y-sebastian\/","title":{"rendered":"Laura and Sebastian"},"content":{"rendered":"<h1>Laura and Sebastian<\/h1>\r\n<h4>Events<\/h4>\r\n<h3>Laura and Sebastian<\/h3>\r\n<p>An elegant wedding in New York style at the Country Club of Bogot\u00e1.<\/p>\r\n<h3>Featured<\/h3>\r\n<h4>Mar\u00eda Manotas<\/h4>\r\n<p><a href=\"http:\/\/carolinagomezblanco.com\/en\/eventos\/maria-manotas-y-riano\/\" target=\"_self\" rel=\"noopener noreferrer\"> see more <\/a><\/p>\r\n<h4>Laura Vasquez<\/h4>\r\n<p><a href=\"http:\/\/carolinagomezblanco.com\/en\/eventos\/laura-vasquez\/\" target=\"_self\" rel=\"noopener noreferrer\"> see more <\/a><\/p>\r\n<h4>Juliana Jaramillo<\/h4>\r\n<p><a href=\"http:\/\/carolinagomezblanco.com\/en\/eventos\/juliana-jaramillo\/\" target=\"_self\" rel=\"noopener noreferrer\"> see more <\/a><\/p>","protected":false},"excerpt":{"rendered":"<p>Laura y Sebastian Eventos Laura y Sebastian Un matrimonio elegante al estilo New York en el Country Club de Bogot\u00e1. Destacados Mar\u00eda Manotas Ver m\u00e1s Laura Vasquez Ver m\u00e1s Juliana Jaramillo Ver m\u00e1s<\/p>","protected":false},"author":2,"featured_media":0,"parent":518,"menu_order":4,"comment_status":"closed","ping_status":"closed","template":"","meta":[],"yoast_head":"<!-- This site is optimized with the Yoast SEO plugin v16.1.1 - https:\/\/yoast.com\/wordpress\/plugins\/seo\/ -->\n<title>Laura y Sebastian - Carolina G\u00f3mez Blanco<\/title>\n<link rel=\"canonical\" href=\"https:\/\/carolinagomezblanco.com\/en\/eventos\/laura-y-sebastian\/\" \/>\n<meta property=\"og:locale\" content=\"en_US\" \/>\n<meta property=\"og:type\" content=\"article\" \/>\n<meta property=\"og:title\" content=\"Laura y Sebastian - Carolina G\u00f3mez Blanco\" \/>\n<meta property=\"og:description\" content=\"Laura y Sebastian Eventos Laura y Sebastian Un matrimonio elegante al estilo New York en el Country Club de Bogot\u00e1. Destacados Mar\u00eda Manotas Ver m\u00e1s Laura Vasquez Ver m\u00e1s Juliana Jaramillo Ver m\u00e1s\" \/>\n<meta property=\"og:url\" content=\"https:\/\/carolinagomezblanco.com\/en\/eventos\/laura-y-sebastian\/\" \/>\n<meta property=\"og:site_name\" content=\"Carolina G\u00f3mez Blanco\" \/>\n<meta property=\"article:modified_time\" content=\"2020-06-12T21:58:48+00:00\" \/>\n<meta name=\"twitter:card\" content=\"summary_large_image\" \/>\n<script type=\"application\/ld+json\" class=\"yoast-schema-graph\">{\"@context\":\"https:\/\/schema.org\",\"@graph\":[{\"@type\":\"Organization\",\"@id\":\"https:\/\/carolinagomezblanco.com\/#organization\",\"name\":\"Carolina G\\u00f3mez Blanco\",\"url\":\"https:\/\/carolinagomezblanco.com\/\",\"sameAs\":[\"https:\/\/www.instagram.com\/carolinagomezblanco_design\/\",\"https:\/\/co.pinterest.com\/carolinagomezblanco\/boards\/\"],\"logo\":{\"@type\":\"ImageObject\",\"@id\":\"https:\/\/carolinagomezblanco.com\/#logo\",\"inLanguage\":\"en-US\",\"url\":\"https:\/\/carolinagomezblanco.com\/cms\/wp-content\/uploads\/2020\/07\/caro006-scaled.jpeg\",\"contentUrl\":\"https:\/\/carolinagomezblanco.com\/cms\/wp-content\/uploads\/2020\/07\/caro006-scaled.jpeg\",\"width\":2560,\"height\":2560,\"caption\":\"Carolina G\\u00f3mez Blanco\"},\"image\":{\"@id\":\"https:\/\/carolinagomezblanco.com\/#logo\"}},{\"@type\":\"WebSite\",\"@id\":\"https:\/\/carolinagomezblanco.com\/#website\",\"url\":\"https:\/\/carolinagomezblanco.com\/\",\"name\":\"Carolina G\\u00f3mez Blanco\",\"description\":\"\",\"publisher\":{\"@id\":\"https:\/\/carolinagomezblanco.com\/#organization\"},\"potentialAction\":[{\"@type\":\"SearchAction\",\"target\":\"https:\/\/carolinagomezblanco.com\/?s={search_term_string}\",\"query-input\":\"required name=search_term_string\"}],\"inLanguage\":\"en-US\"},{\"@type\":\"WebPage\",\"@id\":\"https:\/\/carolinagomezblanco.com\/eventos\/laura-y-sebastian\/#webpage\",\"url\":\"https:\/\/carolinagomezblanco.com\/eventos\/laura-y-sebastian\/\",\"name\":\"Laura y Sebastian - Carolina G\\u00f3mez Blanco\",\"isPartOf\":{\"@id\":\"https:\/\/carolinagomezblanco.com\/#website\"},\"datePublished\":\"2020-06-11T17:07:50+00:00\",\"dateModified\":\"2020-06-12T21:58:48+00:00\",\"breadcrumb\":{\"@id\":\"https:\/\/carolinagomezblanco.com\/eventos\/laura-y-sebastian\/#breadcrumb\"},\"inLanguage\":\"en-US\",\"potentialAction\":[{\"@type\":\"ReadAction\",\"target\":[\"https:\/\/carolinagomezblanco.com\/eventos\/laura-y-sebastian\/\"]}]},{\"@type\":\"BreadcrumbList\",\"@id\":\"https:\/\/carolinagomezblanco.com\/eventos\/laura-y-sebastian\/#breadcrumb\",\"itemListElement\":[{\"@type\":\"ListItem\",\"position\":1,\"item\":{\"@type\":\"WebPage\",\"@id\":\"https:\/\/carolinagomezblanco.com\/\",\"url\":\"https:\/\/carolinagomezblanco.com\/\",\"name\":\"Home\"}},{\"@type\":\"ListItem\",\"position\":2,\"item\":{\"@type\":\"WebPage\",\"@id\":\"https:\/\/carolinagomezblanco.com\/eventos\/\",\"url\":\"https:\/\/carolinagomezblanco.com\/eventos\/\",\"name\":\"Eventos\"}},{\"@type\":\"ListItem\",\"position\":3,\"item\":{\"@type\":\"WebPage\",\"@id\":\"https:\/\/carolinagomezblanco.com\/eventos\/laura-y-sebastian\/\",\"url\":\"https:\/\/carolinagomezblanco.com\/eventos\/laura-y-sebastian\/\",\"name\":\"Laura y Sebastian\"}}]}]}<\/script>\n<!-- \/ Yoast SEO plugin. -->","_links":{"self":[{"href":"https:\/\/carolinagomezblanco.com\/en\/wp-json\/wp\/v2\/pages\/570"}],"collection":[{"href":"https:\/\/carolinagomezblanco.com\/en\/wp-json\/wp\/v2\/pages"}],"about":[{"href":"https:\/\/carolinagomezblanco.com\/en\/wp-json\/wp\/v2\/types\/page"}],"author":[{"embeddable":true,"href":"https:\/\/carolinagomezblanco.com\/en\/wp-json\/wp\/v2\/users\/2"}],"replies":[{"embeddable":true,"href":"https:\/\/carolinagomezblanco.com\/en\/wp-json\/wp\/v2\/comments?post=570"}],"version-history":[{"count":8,"href":"https:\/\/carolinagomezblanco.com\/en\/wp-json\/wp\/v2\/pages\/570\/revisions"}],"predecessor-version":[{"id":874,"href":"https:\/\/carolinagomezblanco.com\/en\/wp-json\/wp\/v2\/pages\/570\/revisions\/874"}],"up":[{"embeddable":true,"href":"https:\/\/carolinagomezblanco.com\/en\/wp-json\/wp\/v2\/pages\/518"}],"wp:attachment":[{"href":"https:\/\/carolinagomezblanco.com\/en\/wp-json\/wp\/v2\/media?parent=570"}],"curies":[{"name":"wp","href":"https:\/\/api.w.org\/{rel}","templated":true}]}}