{"id":532,"date":"2020-06-11T11:22:44","date_gmt":"2020-06-11T16:22:44","guid":{"rendered":"http:\/\/carolina.somosultranova.com\/oficinas\/foodpanda-6\/"},"modified":"2020-06-11T14:54:52","modified_gmt":"2020-06-11T19:54:52","slug":"happy-yoga","status":"publish","type":"page","link":"https:\/\/carolinagomezblanco.com\/en\/oficinas\/happy-yoga\/","title":{"rendered":"Happy Yoga"},"content":{"rendered":"<h1>Happy Yoga<\/h1>\n    <h4>Offices<\/h4>\n      <h3>A yoga company in Bogot\u00e1.<\/h3><p>Inspired by relaxing spaces and tones that help achieve high levels of meditation.<\/p>    \n<h3>\n\t\tFeatured\n\t<\/h3>\n    <h4>Rappi<\/h4>\n          <a href=\"http:\/\/carolinagomezblanco.com\/en\/oficinas\/rappi\/\" target=\"_self\" rel=\"noopener noreferrer\">\n        see more\n      <\/a>\n    <h4>Addi<\/h4>\n          <a href=\"http:\/\/carolinagomezblanco.com\/en\/oficinas\/addi\/\" target=\"_self\" rel=\"noopener noreferrer\">\n        see more\n      <\/a>\n    <h4>Chipper<\/h4>\n          <a href=\"http:\/\/carolinagomezblanco.com\/en\/oficinas\/chiper\/\" target=\"_self\" rel=\"noopener noreferrer\">\n        see more\n      <\/a>","protected":false},"excerpt":{"rendered":"<p>Happy Yoga Oficinas Empresa de yoga en Bogot\u00e1. Se inspir\u00f3 en espacios relajantes y de tonalidades que ayudan a lograr grandes niveles de meditaci\u00f3n. Destacados Rappi Ver m\u00e1s Addi Ver m\u00e1s Chipper Ver m\u00e1s<\/p>","protected":false},"author":2,"featured_media":0,"parent":498,"menu_order":5,"comment_status":"closed","ping_status":"closed","template":"","meta":[],"yoast_head":"<!-- This site is optimized with the Yoast SEO plugin v16.1.1 - https:\/\/yoast.com\/wordpress\/plugins\/seo\/ -->\n<title>Happy Yoga - Carolina G\u00f3mez Blanco<\/title>\n<link rel=\"canonical\" href=\"https:\/\/carolinagomezblanco.com\/en\/oficinas\/happy-yoga\/\" \/>\n<meta property=\"og:locale\" content=\"en_US\" \/>\n<meta property=\"og:type\" content=\"article\" \/>\n<meta property=\"og:title\" content=\"Happy Yoga - Carolina G\u00f3mez Blanco\" \/>\n<meta property=\"og:description\" content=\"Happy Yoga Oficinas Empresa de yoga en Bogot\u00e1. Se inspir\u00f3 en espacios relajantes y de tonalidades que ayudan a lograr grandes niveles de meditaci\u00f3n. Destacados Rappi Ver m\u00e1s Addi Ver m\u00e1s Chipper Ver m\u00e1s\" \/>\n<meta property=\"og:url\" content=\"https:\/\/carolinagomezblanco.com\/en\/oficinas\/happy-yoga\/\" \/>\n<meta property=\"og:site_name\" content=\"Carolina G\u00f3mez Blanco\" \/>\n<meta property=\"article:modified_time\" content=\"2020-06-11T19:54:52+00:00\" \/>\n<meta name=\"twitter:card\" content=\"summary_large_image\" \/>\n<script type=\"application\/ld+json\" class=\"yoast-schema-graph\">{\"@context\":\"https:\/\/schema.org\",\"@graph\":[{\"@type\":\"Organization\",\"@id\":\"https:\/\/carolinagomezblanco.com\/#organization\",\"name\":\"Carolina G\\u00f3mez Blanco\",\"url\":\"https:\/\/carolinagomezblanco.com\/\",\"sameAs\":[\"https:\/\/www.instagram.com\/carolinagomezblanco_design\/\",\"https:\/\/co.pinterest.com\/carolinagomezblanco\/boards\/\"],\"logo\":{\"@type\":\"ImageObject\",\"@id\":\"https:\/\/carolinagomezblanco.com\/#logo\",\"inLanguage\":\"en-US\",\"url\":\"https:\/\/carolinagomezblanco.com\/cms\/wp-content\/uploads\/2020\/07\/caro006-scaled.jpeg\",\"contentUrl\":\"https:\/\/carolinagomezblanco.com\/cms\/wp-content\/uploads\/2020\/07\/caro006-scaled.jpeg\",\"width\":2560,\"height\":2560,\"caption\":\"Carolina G\\u00f3mez Blanco\"},\"image\":{\"@id\":\"https:\/\/carolinagomezblanco.com\/#logo\"}},{\"@type\":\"WebSite\",\"@id\":\"https:\/\/carolinagomezblanco.com\/#website\",\"url\":\"https:\/\/carolinagomezblanco.com\/\",\"name\":\"Carolina G\\u00f3mez Blanco\",\"description\":\"\",\"publisher\":{\"@id\":\"https:\/\/carolinagomezblanco.com\/#organization\"},\"potentialAction\":[{\"@type\":\"SearchAction\",\"target\":\"https:\/\/carolinagomezblanco.com\/?s={search_term_string}\",\"query-input\":\"required name=search_term_string\"}],\"inLanguage\":\"en-US\"},{\"@type\":\"WebPage\",\"@id\":\"https:\/\/carolinagomezblanco.com\/oficinas\/happy-yoga\/#webpage\",\"url\":\"https:\/\/carolinagomezblanco.com\/oficinas\/happy-yoga\/\",\"name\":\"Happy Yoga - Carolina G\\u00f3mez Blanco\",\"isPartOf\":{\"@id\":\"https:\/\/carolinagomezblanco.com\/#website\"},\"datePublished\":\"2020-06-11T16:22:44+00:00\",\"dateModified\":\"2020-06-11T19:54:52+00:00\",\"breadcrumb\":{\"@id\":\"https:\/\/carolinagomezblanco.com\/oficinas\/happy-yoga\/#breadcrumb\"},\"inLanguage\":\"en-US\",\"potentialAction\":[{\"@type\":\"ReadAction\",\"target\":[\"https:\/\/carolinagomezblanco.com\/oficinas\/happy-yoga\/\"]}]},{\"@type\":\"BreadcrumbList\",\"@id\":\"https:\/\/carolinagomezblanco.com\/oficinas\/happy-yoga\/#breadcrumb\",\"itemListElement\":[{\"@type\":\"ListItem\",\"position\":1,\"item\":{\"@type\":\"WebPage\",\"@id\":\"https:\/\/carolinagomezblanco.com\/\",\"url\":\"https:\/\/carolinagomezblanco.com\/\",\"name\":\"Home\"}},{\"@type\":\"ListItem\",\"position\":2,\"item\":{\"@type\":\"WebPage\",\"@id\":\"https:\/\/carolinagomezblanco.com\/oficinas\/\",\"url\":\"https:\/\/carolinagomezblanco.com\/oficinas\/\",\"name\":\"Oficinas\"}},{\"@type\":\"ListItem\",\"position\":3,\"item\":{\"@type\":\"WebPage\",\"@id\":\"https:\/\/carolinagomezblanco.com\/oficinas\/happy-yoga\/\",\"url\":\"https:\/\/carolinagomezblanco.com\/oficinas\/happy-yoga\/\",\"name\":\"Happy Yoga\"}}]}]}<\/script>\n<!-- \/ Yoast SEO plugin. -->","_links":{"self":[{"href":"https:\/\/carolinagomezblanco.com\/en\/wp-json\/wp\/v2\/pages\/532"}],"collection":[{"href":"https:\/\/carolinagomezblanco.com\/en\/wp-json\/wp\/v2\/pages"}],"about":[{"href":"https:\/\/carolinagomezblanco.com\/en\/wp-json\/wp\/v2\/types\/page"}],"author":[{"embeddable":true,"href":"https:\/\/carolinagomezblanco.com\/en\/wp-json\/wp\/v2\/users\/2"}],"replies":[{"embeddable":true,"href":"https:\/\/carolinagomezblanco.com\/en\/wp-json\/wp\/v2\/comments?post=532"}],"version-history":[{"count":3,"href":"https:\/\/carolinagomezblanco.com\/en\/wp-json\/wp\/v2\/pages\/532\/revisions"}],"predecessor-version":[{"id":701,"href":"https:\/\/carolinagomezblanco.com\/en\/wp-json\/wp\/v2\/pages\/532\/revisions\/701"}],"up":[{"embeddable":true,"href":"https:\/\/carolinagomezblanco.com\/en\/wp-json\/wp\/v2\/pages\/498"}],"wp:attachment":[{"href":"https:\/\/carolinagomezblanco.com\/en\/wp-json\/wp\/v2\/media?parent=532"}],"curies":[{"name":"wp","href":"https:\/\/api.w.org\/{rel}","templated":true}]}}