{"id":530,"date":"2020-06-11T11:22:42","date_gmt":"2020-06-11T16:22:42","guid":{"rendered":"http:\/\/carolina.somosultranova.com\/oficinas\/foodpanda-4\/"},"modified":"2020-06-11T14:41:57","modified_gmt":"2020-06-11T19:41:57","slug":"akimbo","status":"publish","type":"page","link":"https:\/\/carolinagomezblanco.com\/en\/oficinas\/akimbo\/","title":{"rendered":"Akimbo"},"content":{"rendered":"<h1>Akimbo<\/h1>\n    <h4>Offices<\/h4>\n      <h3>Communication company for brands.<\/h3><p>An office inspired by a modern and tasteful space was created.<\/p>    \n<h3>\n\t\tFeatured\n\t<\/h3>\n    <h4>Rappi<\/h4>\n          <a href=\"http:\/\/carolinagomezblanco.com\/en\/oficinas\/rappi\/\" target=\"_self\" rel=\"noopener noreferrer\">\n        see more\n      <\/a>\n    <h4>Addi<\/h4>\n          <a href=\"http:\/\/carolinagomezblanco.com\/en\/oficinas\/addi\/\" target=\"_self\" rel=\"noopener noreferrer\">\n        see more\n      <\/a>\n    <h4>Chipper<\/h4>\n          <a href=\"http:\/\/carolinagomezblanco.com\/en\/oficinas\/chiper\/\" target=\"_self\" rel=\"noopener noreferrer\">\n        see more\n      <\/a>","protected":false},"excerpt":{"rendered":"<p>Akimbo Oficinas Empresa de comunicaci\u00f3n para marcas. Se cre\u00f3 una oficina inspirada en un espacio moderno y de buen gusto. Destacados Rappi Ver m\u00e1s Addi Ver m\u00e1s Chipper Ver m\u00e1s<\/p>","protected":false},"author":2,"featured_media":0,"parent":498,"menu_order":1,"comment_status":"closed","ping_status":"closed","template":"","meta":[],"yoast_head":"<!-- This site is optimized with the Yoast SEO plugin v16.1.1 - https:\/\/yoast.com\/wordpress\/plugins\/seo\/ -->\n<title>Akimbo - Carolina G\u00f3mez Blanco<\/title>\n<link rel=\"canonical\" href=\"https:\/\/carolinagomezblanco.com\/en\/oficinas\/akimbo\/\" \/>\n<meta property=\"og:locale\" content=\"en_US\" \/>\n<meta property=\"og:type\" content=\"article\" \/>\n<meta property=\"og:title\" content=\"Akimbo - Carolina G\u00f3mez Blanco\" \/>\n<meta property=\"og:description\" content=\"Akimbo Oficinas Empresa de comunicaci\u00f3n para marcas. Se cre\u00f3 una oficina inspirada en un espacio moderno y de buen gusto. Destacados Rappi Ver m\u00e1s Addi Ver m\u00e1s Chipper Ver m\u00e1s\" \/>\n<meta property=\"og:url\" content=\"https:\/\/carolinagomezblanco.com\/en\/oficinas\/akimbo\/\" \/>\n<meta property=\"og:site_name\" content=\"Carolina G\u00f3mez Blanco\" \/>\n<meta property=\"article:modified_time\" content=\"2020-06-11T19:41:57+00:00\" \/>\n<meta name=\"twitter:card\" content=\"summary_large_image\" \/>\n<script type=\"application\/ld+json\" class=\"yoast-schema-graph\">{\"@context\":\"https:\/\/schema.org\",\"@graph\":[{\"@type\":\"Organization\",\"@id\":\"https:\/\/carolinagomezblanco.com\/#organization\",\"name\":\"Carolina G\\u00f3mez Blanco\",\"url\":\"https:\/\/carolinagomezblanco.com\/\",\"sameAs\":[\"https:\/\/www.instagram.com\/carolinagomezblanco_design\/\",\"https:\/\/co.pinterest.com\/carolinagomezblanco\/boards\/\"],\"logo\":{\"@type\":\"ImageObject\",\"@id\":\"https:\/\/carolinagomezblanco.com\/#logo\",\"inLanguage\":\"en-US\",\"url\":\"https:\/\/carolinagomezblanco.com\/cms\/wp-content\/uploads\/2020\/07\/caro006-scaled.jpeg\",\"contentUrl\":\"https:\/\/carolinagomezblanco.com\/cms\/wp-content\/uploads\/2020\/07\/caro006-scaled.jpeg\",\"width\":2560,\"height\":2560,\"caption\":\"Carolina G\\u00f3mez Blanco\"},\"image\":{\"@id\":\"https:\/\/carolinagomezblanco.com\/#logo\"}},{\"@type\":\"WebSite\",\"@id\":\"https:\/\/carolinagomezblanco.com\/#website\",\"url\":\"https:\/\/carolinagomezblanco.com\/\",\"name\":\"Carolina G\\u00f3mez Blanco\",\"description\":\"\",\"publisher\":{\"@id\":\"https:\/\/carolinagomezblanco.com\/#organization\"},\"potentialAction\":[{\"@type\":\"SearchAction\",\"target\":\"https:\/\/carolinagomezblanco.com\/?s={search_term_string}\",\"query-input\":\"required name=search_term_string\"}],\"inLanguage\":\"en-US\"},{\"@type\":\"WebPage\",\"@id\":\"https:\/\/carolinagomezblanco.com\/oficinas\/akimbo\/#webpage\",\"url\":\"https:\/\/carolinagomezblanco.com\/oficinas\/akimbo\/\",\"name\":\"Akimbo - Carolina G\\u00f3mez Blanco\",\"isPartOf\":{\"@id\":\"https:\/\/carolinagomezblanco.com\/#website\"},\"datePublished\":\"2020-06-11T16:22:42+00:00\",\"dateModified\":\"2020-06-11T19:41:57+00:00\",\"breadcrumb\":{\"@id\":\"https:\/\/carolinagomezblanco.com\/oficinas\/akimbo\/#breadcrumb\"},\"inLanguage\":\"en-US\",\"potentialAction\":[{\"@type\":\"ReadAction\",\"target\":[\"https:\/\/carolinagomezblanco.com\/oficinas\/akimbo\/\"]}]},{\"@type\":\"BreadcrumbList\",\"@id\":\"https:\/\/carolinagomezblanco.com\/oficinas\/akimbo\/#breadcrumb\",\"itemListElement\":[{\"@type\":\"ListItem\",\"position\":1,\"item\":{\"@type\":\"WebPage\",\"@id\":\"https:\/\/carolinagomezblanco.com\/\",\"url\":\"https:\/\/carolinagomezblanco.com\/\",\"name\":\"Home\"}},{\"@type\":\"ListItem\",\"position\":2,\"item\":{\"@type\":\"WebPage\",\"@id\":\"https:\/\/carolinagomezblanco.com\/oficinas\/\",\"url\":\"https:\/\/carolinagomezblanco.com\/oficinas\/\",\"name\":\"Oficinas\"}},{\"@type\":\"ListItem\",\"position\":3,\"item\":{\"@type\":\"WebPage\",\"@id\":\"https:\/\/carolinagomezblanco.com\/oficinas\/akimbo\/\",\"url\":\"https:\/\/carolinagomezblanco.com\/oficinas\/akimbo\/\",\"name\":\"Akimbo\"}}]}]}<\/script>\n<!-- \/ Yoast SEO plugin. -->","_links":{"self":[{"href":"https:\/\/carolinagomezblanco.com\/en\/wp-json\/wp\/v2\/pages\/530"}],"collection":[{"href":"https:\/\/carolinagomezblanco.com\/en\/wp-json\/wp\/v2\/pages"}],"about":[{"href":"https:\/\/carolinagomezblanco.com\/en\/wp-json\/wp\/v2\/types\/page"}],"author":[{"embeddable":true,"href":"https:\/\/carolinagomezblanco.com\/en\/wp-json\/wp\/v2\/users\/2"}],"replies":[{"embeddable":true,"href":"https:\/\/carolinagomezblanco.com\/en\/wp-json\/wp\/v2\/comments?post=530"}],"version-history":[{"count":3,"href":"https:\/\/carolinagomezblanco.com\/en\/wp-json\/wp\/v2\/pages\/530\/revisions"}],"predecessor-version":[{"id":692,"href":"https:\/\/carolinagomezblanco.com\/en\/wp-json\/wp\/v2\/pages\/530\/revisions\/692"}],"up":[{"embeddable":true,"href":"https:\/\/carolinagomezblanco.com\/en\/wp-json\/wp\/v2\/pages\/498"}],"wp:attachment":[{"href":"https:\/\/carolinagomezblanco.com\/en\/wp-json\/wp\/v2\/media?parent=530"}],"curies":[{"name":"wp","href":"https:\/\/api.w.org\/{rel}","templated":true}]}}