{"id":528,"date":"2020-06-11T11:22:42","date_gmt":"2020-06-11T16:22:42","guid":{"rendered":"http:\/\/carolina.somosultranova.com\/oficinas\/foodpanda-2\/"},"modified":"2020-06-11T13:28:55","modified_gmt":"2020-06-11T18:28:55","slug":"foodpanda","status":"publish","type":"page","link":"https:\/\/carolinagomezblanco.com\/en\/oficinas\/foodpanda\/","title":{"rendered":"Foodpanda"},"content":{"rendered":"<h1>Foodpanda<\/h1>\n    <h4>Offices<\/h4>\n      <h3>A delivery company across Asia.<\/h3><p>This office was specifically done in Singapore and was a virtual job where the client sent their brief with their requirements, needs, and corporate image, and received renders of each space and a shopping list from all the stores in Singapore to achieve the desired office.<\/p>    \n<h3>\n\t\tFeatured\n\t<\/h3>\n    <h4>Rappi<\/h4>\n          <a href=\"http:\/\/carolinagomezblanco.com\/en\/oficinas\/rappi\/\" target=\"_self\" rel=\"noopener noreferrer\">\n        see more\n      <\/a>\n    <h4>Addi<\/h4>\n          <a href=\"http:\/\/carolinagomezblanco.com\/en\/oficinas\/addi\/\" target=\"_self\" rel=\"noopener noreferrer\">\n        see more\n      <\/a>\n    <h4>Chipper<\/h4>\n          <a href=\"http:\/\/carolinagomezblanco.com\/en\/oficinas\/chiper\/\" target=\"_self\" rel=\"noopener noreferrer\">\n        see more\n      <\/a>","protected":false},"excerpt":{"rendered":"<p>Foodpanda Oficinas Empresa de delivery alrededor de Asia. Esta oficina se hizo espec\u00edficamente en Singapur y fue un trabajo virtual en donde el cliente envi\u00f3 su brief con sus requerimientos, necesidades e imagen corporativa y recibi\u00f3 renders de cada espacio y lista de compras de todos los almacenes en Singapur para lograr la oficina so\u00f1ada. &hellip;<\/p>\n<p class=\"read-more\"> <a class=\"\" href=\"https:\/\/carolinagomezblanco.com\/en\/oficinas\/foodpanda\/\"> <span class=\"screen-reader-text\">Foodpanda<\/span> Read More &raquo;<\/a><\/p>","protected":false},"author":2,"featured_media":0,"parent":498,"menu_order":4,"comment_status":"closed","ping_status":"closed","template":"","meta":[],"yoast_head":"<!-- This site is optimized with the Yoast SEO plugin v16.1.1 - https:\/\/yoast.com\/wordpress\/plugins\/seo\/ -->\n<title>Foodpanda - Carolina G\u00f3mez Blanco<\/title>\n<link rel=\"canonical\" href=\"https:\/\/carolinagomezblanco.com\/en\/oficinas\/foodpanda\/\" \/>\n<meta property=\"og:locale\" content=\"en_US\" \/>\n<meta property=\"og:type\" content=\"article\" \/>\n<meta property=\"og:title\" content=\"Foodpanda - Carolina G\u00f3mez Blanco\" \/>\n<meta property=\"og:description\" content=\"Foodpanda Oficinas Empresa de delivery alrededor de Asia. Esta oficina se hizo espec\u00edficamente en Singapur y fue un trabajo virtual en donde el cliente envi\u00f3 su brief con sus requerimientos, necesidades e imagen corporativa y recibi\u00f3 renders de cada espacio y lista de compras de todos los almacenes en Singapur para lograr la oficina so\u00f1ada. &hellip; Foodpanda Read More &raquo;\" \/>\n<meta property=\"og:url\" content=\"https:\/\/carolinagomezblanco.com\/en\/oficinas\/foodpanda\/\" \/>\n<meta property=\"og:site_name\" content=\"Carolina G\u00f3mez Blanco\" \/>\n<meta property=\"article:modified_time\" content=\"2020-06-11T18:28:55+00:00\" \/>\n<meta name=\"twitter:card\" content=\"summary_large_image\" \/>\n<script type=\"application\/ld+json\" class=\"yoast-schema-graph\">{\"@context\":\"https:\/\/schema.org\",\"@graph\":[{\"@type\":\"Organization\",\"@id\":\"https:\/\/carolinagomezblanco.com\/#organization\",\"name\":\"Carolina G\\u00f3mez Blanco\",\"url\":\"https:\/\/carolinagomezblanco.com\/\",\"sameAs\":[\"https:\/\/www.instagram.com\/carolinagomezblanco_design\/\",\"https:\/\/co.pinterest.com\/carolinagomezblanco\/boards\/\"],\"logo\":{\"@type\":\"ImageObject\",\"@id\":\"https:\/\/carolinagomezblanco.com\/#logo\",\"inLanguage\":\"en-US\",\"url\":\"https:\/\/carolinagomezblanco.com\/cms\/wp-content\/uploads\/2020\/07\/caro006-scaled.jpeg\",\"contentUrl\":\"https:\/\/carolinagomezblanco.com\/cms\/wp-content\/uploads\/2020\/07\/caro006-scaled.jpeg\",\"width\":2560,\"height\":2560,\"caption\":\"Carolina G\\u00f3mez Blanco\"},\"image\":{\"@id\":\"https:\/\/carolinagomezblanco.com\/#logo\"}},{\"@type\":\"WebSite\",\"@id\":\"https:\/\/carolinagomezblanco.com\/#website\",\"url\":\"https:\/\/carolinagomezblanco.com\/\",\"name\":\"Carolina G\\u00f3mez Blanco\",\"description\":\"\",\"publisher\":{\"@id\":\"https:\/\/carolinagomezblanco.com\/#organization\"},\"potentialAction\":[{\"@type\":\"SearchAction\",\"target\":\"https:\/\/carolinagomezblanco.com\/?s={search_term_string}\",\"query-input\":\"required name=search_term_string\"}],\"inLanguage\":\"en-US\"},{\"@type\":\"WebPage\",\"@id\":\"https:\/\/carolinagomezblanco.com\/oficinas\/foodpanda\/#webpage\",\"url\":\"https:\/\/carolinagomezblanco.com\/oficinas\/foodpanda\/\",\"name\":\"Foodpanda - Carolina G\\u00f3mez Blanco\",\"isPartOf\":{\"@id\":\"https:\/\/carolinagomezblanco.com\/#website\"},\"datePublished\":\"2020-06-11T16:22:42+00:00\",\"dateModified\":\"2020-06-11T18:28:55+00:00\",\"breadcrumb\":{\"@id\":\"https:\/\/carolinagomezblanco.com\/oficinas\/foodpanda\/#breadcrumb\"},\"inLanguage\":\"en-US\",\"potentialAction\":[{\"@type\":\"ReadAction\",\"target\":[\"https:\/\/carolinagomezblanco.com\/oficinas\/foodpanda\/\"]}]},{\"@type\":\"BreadcrumbList\",\"@id\":\"https:\/\/carolinagomezblanco.com\/oficinas\/foodpanda\/#breadcrumb\",\"itemListElement\":[{\"@type\":\"ListItem\",\"position\":1,\"item\":{\"@type\":\"WebPage\",\"@id\":\"https:\/\/carolinagomezblanco.com\/\",\"url\":\"https:\/\/carolinagomezblanco.com\/\",\"name\":\"Home\"}},{\"@type\":\"ListItem\",\"position\":2,\"item\":{\"@type\":\"WebPage\",\"@id\":\"https:\/\/carolinagomezblanco.com\/oficinas\/\",\"url\":\"https:\/\/carolinagomezblanco.com\/oficinas\/\",\"name\":\"Oficinas\"}},{\"@type\":\"ListItem\",\"position\":3,\"item\":{\"@type\":\"WebPage\",\"@id\":\"https:\/\/carolinagomezblanco.com\/oficinas\/foodpanda\/\",\"url\":\"https:\/\/carolinagomezblanco.com\/oficinas\/foodpanda\/\",\"name\":\"Foodpanda\"}}]}]}<\/script>\n<!-- \/ Yoast SEO plugin. -->","_links":{"self":[{"href":"https:\/\/carolinagomezblanco.com\/en\/wp-json\/wp\/v2\/pages\/528"}],"collection":[{"href":"https:\/\/carolinagomezblanco.com\/en\/wp-json\/wp\/v2\/pages"}],"about":[{"href":"https:\/\/carolinagomezblanco.com\/en\/wp-json\/wp\/v2\/types\/page"}],"author":[{"embeddable":true,"href":"https:\/\/carolinagomezblanco.com\/en\/wp-json\/wp\/v2\/users\/2"}],"replies":[{"embeddable":true,"href":"https:\/\/carolinagomezblanco.com\/en\/wp-json\/wp\/v2\/comments?post=528"}],"version-history":[{"count":3,"href":"https:\/\/carolinagomezblanco.com\/en\/wp-json\/wp\/v2\/pages\/528\/revisions"}],"predecessor-version":[{"id":660,"href":"https:\/\/carolinagomezblanco.com\/en\/wp-json\/wp\/v2\/pages\/528\/revisions\/660"}],"up":[{"embeddable":true,"href":"https:\/\/carolinagomezblanco.com\/en\/wp-json\/wp\/v2\/pages\/498"}],"wp:attachment":[{"href":"https:\/\/carolinagomezblanco.com\/en\/wp-json\/wp\/v2\/media?parent=528"}],"curies":[{"name":"wp","href":"https:\/\/api.w.org\/{rel}","templated":true}]}}