{"id":516,"date":"2020-06-11T10:44:37","date_gmt":"2020-06-11T15:44:37","guid":{"rendered":"http:\/\/carolina.somosultranova.com\/?page_id=516"},"modified":"2023-02-14T19:24:58","modified_gmt":"2023-02-15T00:24:58","slug":"comercial","status":"publish","type":"page","link":"https:\/\/carolinagomezblanco.com\/en\/comercial\/","title":{"rendered":"Commercial"},"content":{"rendered":"<h1>Commercial<\/h1>\n    <h4>Projects<\/h4>\n      <p>Many clients find events to be a powerful way to connect with their audience. I help them convey emotions and capture the attention of their target market.<\/p>    \n    <h4>Buro<\/h4>\n          <a href=\"http:\/\/carolinagomezblanco.com\/en\/comercial\/buro\/\" target=\"_self\" rel=\"noopener\">\n        see more\n      <\/a>\n    <h4>Little Ramonas and Mr Boho<\/h4>\n          <a href=\"http:\/\/carolinagomezblanco.com\/en\/comercial\/little-ramonas-y-mr-boho\/\" target=\"_self\" rel=\"noopener\">\n        see more\n      <\/a>\n    <h4>Lauval<\/h4>\n          <a href=\"http:\/\/carolinagomezblanco.com\/en\/comercial\/lauval\/\" target=\"_self\" rel=\"noopener\">\n        see more\n      <\/a>\n    <h4>Mercedes Salazar<\/h4>\n          <a href=\"http:\/\/carolinagomezblanco.com\/en\/comercial\/mercedes-salazar\/\" target=\"_self\" rel=\"noopener\">\n        see more\n      <\/a>\n    <h4>Akira Productora<\/h4>\n          <a href=\"http:\/\/carolinagomezblanco.com\/en\/comercial\/akira-2\/\" target=\"_self\" rel=\"noopener\">\n        see more\n      <\/a>","protected":false},"excerpt":{"rendered":"<p>Comercial Proyectos Muchos clientes encuentran en diferentes eventos, una forma de contactarse con su p\u00fablico. Es ah\u00ed donde yo les ayudo a transmitir emociones captando la atenci\u00f3n de su p\u00fablico de inter\u00e9s. Buro Ver m\u00e1s Little Ramonas y Mr Boho Ver m\u00e1s Lauval Ver m\u00e1s Mercedes Salazar Ver m\u00e1s Akira Productora Ver m\u00e1s<\/p>","protected":false},"author":2,"featured_media":0,"parent":0,"menu_order":4,"comment_status":"closed","ping_status":"closed","template":"","meta":[],"yoast_head":"<!-- This site is optimized with the Yoast SEO plugin v16.1.1 - https:\/\/yoast.com\/wordpress\/plugins\/seo\/ -->\n<title>Comercial - Carolina G\u00f3mez Blanco<\/title>\n<link rel=\"canonical\" href=\"https:\/\/carolinagomezblanco.com\/en\/comercial\/\" \/>\n<meta property=\"og:locale\" content=\"en_US\" \/>\n<meta property=\"og:type\" content=\"article\" \/>\n<meta property=\"og:title\" content=\"Comercial - Carolina G\u00f3mez Blanco\" \/>\n<meta property=\"og:description\" content=\"Comercial Proyectos Muchos clientes encuentran en diferentes eventos, una forma de contactarse con su p\u00fablico. Es ah\u00ed donde yo les ayudo a transmitir emociones captando la atenci\u00f3n de su p\u00fablico de inter\u00e9s. Buro Ver m\u00e1s Little Ramonas y Mr Boho Ver m\u00e1s Lauval Ver m\u00e1s Mercedes Salazar Ver m\u00e1s Akira Productora Ver m\u00e1s\" \/>\n<meta property=\"og:url\" content=\"https:\/\/carolinagomezblanco.com\/en\/comercial\/\" \/>\n<meta property=\"og:site_name\" content=\"Carolina G\u00f3mez Blanco\" \/>\n<meta property=\"article:modified_time\" content=\"2023-02-15T00:24:58+00:00\" \/>\n<meta name=\"twitter:card\" content=\"summary_large_image\" \/>\n<script type=\"application\/ld+json\" class=\"yoast-schema-graph\">{\"@context\":\"https:\/\/schema.org\",\"@graph\":[{\"@type\":\"Organization\",\"@id\":\"https:\/\/carolinagomezblanco.com\/#organization\",\"name\":\"Carolina G\\u00f3mez Blanco\",\"url\":\"https:\/\/carolinagomezblanco.com\/\",\"sameAs\":[\"https:\/\/www.instagram.com\/carolinagomezblanco_design\/\",\"https:\/\/co.pinterest.com\/carolinagomezblanco\/boards\/\"],\"logo\":{\"@type\":\"ImageObject\",\"@id\":\"https:\/\/carolinagomezblanco.com\/#logo\",\"inLanguage\":\"en-US\",\"url\":\"https:\/\/carolinagomezblanco.com\/cms\/wp-content\/uploads\/2020\/07\/caro006-scaled.jpeg\",\"contentUrl\":\"https:\/\/carolinagomezblanco.com\/cms\/wp-content\/uploads\/2020\/07\/caro006-scaled.jpeg\",\"width\":2560,\"height\":2560,\"caption\":\"Carolina G\\u00f3mez Blanco\"},\"image\":{\"@id\":\"https:\/\/carolinagomezblanco.com\/#logo\"}},{\"@type\":\"WebSite\",\"@id\":\"https:\/\/carolinagomezblanco.com\/#website\",\"url\":\"https:\/\/carolinagomezblanco.com\/\",\"name\":\"Carolina G\\u00f3mez Blanco\",\"description\":\"\",\"publisher\":{\"@id\":\"https:\/\/carolinagomezblanco.com\/#organization\"},\"potentialAction\":[{\"@type\":\"SearchAction\",\"target\":\"https:\/\/carolinagomezblanco.com\/?s={search_term_string}\",\"query-input\":\"required name=search_term_string\"}],\"inLanguage\":\"en-US\"},{\"@type\":\"WebPage\",\"@id\":\"https:\/\/carolinagomezblanco.com\/comercial\/#webpage\",\"url\":\"https:\/\/carolinagomezblanco.com\/comercial\/\",\"name\":\"Comercial - Carolina G\\u00f3mez Blanco\",\"isPartOf\":{\"@id\":\"https:\/\/carolinagomezblanco.com\/#website\"},\"datePublished\":\"2020-06-11T15:44:37+00:00\",\"dateModified\":\"2023-02-15T00:24:58+00:00\",\"breadcrumb\":{\"@id\":\"https:\/\/carolinagomezblanco.com\/comercial\/#breadcrumb\"},\"inLanguage\":\"en-US\",\"potentialAction\":[{\"@type\":\"ReadAction\",\"target\":[\"https:\/\/carolinagomezblanco.com\/comercial\/\"]}]},{\"@type\":\"BreadcrumbList\",\"@id\":\"https:\/\/carolinagomezblanco.com\/comercial\/#breadcrumb\",\"itemListElement\":[{\"@type\":\"ListItem\",\"position\":1,\"item\":{\"@type\":\"WebPage\",\"@id\":\"https:\/\/carolinagomezblanco.com\/\",\"url\":\"https:\/\/carolinagomezblanco.com\/\",\"name\":\"Home\"}},{\"@type\":\"ListItem\",\"position\":2,\"item\":{\"@type\":\"WebPage\",\"@id\":\"https:\/\/carolinagomezblanco.com\/comercial\/\",\"url\":\"https:\/\/carolinagomezblanco.com\/comercial\/\",\"name\":\"Comercial\"}}]}]}<\/script>\n<!-- \/ Yoast SEO plugin. -->","_links":{"self":[{"href":"https:\/\/carolinagomezblanco.com\/en\/wp-json\/wp\/v2\/pages\/516"}],"collection":[{"href":"https:\/\/carolinagomezblanco.com\/en\/wp-json\/wp\/v2\/pages"}],"about":[{"href":"https:\/\/carolinagomezblanco.com\/en\/wp-json\/wp\/v2\/types\/page"}],"author":[{"embeddable":true,"href":"https:\/\/carolinagomezblanco.com\/en\/wp-json\/wp\/v2\/users\/2"}],"replies":[{"embeddable":true,"href":"https:\/\/carolinagomezblanco.com\/en\/wp-json\/wp\/v2\/comments?post=516"}],"version-history":[{"count":8,"href":"https:\/\/carolinagomezblanco.com\/en\/wp-json\/wp\/v2\/pages\/516\/revisions"}],"predecessor-version":[{"id":1575,"href":"https:\/\/carolinagomezblanco.com\/en\/wp-json\/wp\/v2\/pages\/516\/revisions\/1575"}],"wp:attachment":[{"href":"https:\/\/carolinagomezblanco.com\/en\/wp-json\/wp\/v2\/media?parent=516"}],"curies":[{"name":"wp","href":"https:\/\/api.w.org\/{rel}","templated":true}]}}