{"id":514,"date":"2020-06-11T10:44:29","date_gmt":"2020-06-11T15:44:29","guid":{"rendered":"http:\/\/carolina.somosultranova.com\/?page_id=514"},"modified":"2025-01-21T11:09:38","modified_gmt":"2025-01-21T16:09:38","slug":"hogar","status":"publish","type":"page","link":"https:\/\/carolinagomezblanco.com\/en\/hogar\/","title":{"rendered":"Residential"},"content":{"rendered":"<h1>Residential<\/h1>\n    <h4>Projects<\/h4>\n      <p>My clients open the doors to their most sacred spaces, and together we create environments that hold deep meaning for them and their families.<\/p>    \n    <h4>German Torres<\/h4>\n          <a href=\"http:\/\/carolinagomezblanco.com\/en\/hogar\/german-torres\/\" target=\"_self\" rel=\"noopener\">\n        see more\n      <\/a>\n    <h4>Miguel Vargas<\/h4>\n          <a href=\"http:\/\/carolinagomezblanco.com\/en\/hogar\/miguel-vargas\/\" target=\"_self\" rel=\"noopener\">\n        see more\n      <\/a>\n    <h4>Hugo Saavedra<\/h4>\n          <a href=\"http:\/\/carolinagomezblanco.com\/en\/hogar\/hugo-saavedra\/\" target=\"_self\" rel=\"noopener\">\n        see more\n      <\/a>\n    <h4>Tatiana Jaramillo<\/h4>\n          <a href=\"http:\/\/carolinagomezblanco.com\/en\/hogar\/tatiana-jaramillo\/\" target=\"_self\" rel=\"noopener\">\n        see more\n      <\/a>\n    <h4>Ximena Sanz de Santamaria<\/h4>\n          <a href=\"http:\/\/carolinagomezblanco.com\/en\/hogar\/ximena-sanz-de-santamaria\/\" target=\"_self\" rel=\"noopener\">\n        see more\n      <\/a>\n    <h4>Natalia y Andr\u00e9s<\/h4>\n          <a href=\"http:\/\/carolinagomezblanco.com\/en\/hogar\/natalia-y-andres\/\" target=\"_self\" rel=\"noopener\">\n        see more\n      <\/a>\n    <h4>\u00c1ngela y Julio<\/h4>\n          <a href=\"http:\/\/carolinagomezblanco.com\/en\/hogar\/angela-y-julio\/\" target=\"_self\" rel=\"noopener\">\n        see more\n      <\/a>\n    <h4>Carolina<\/h4>\n          <a href=\"http:\/\/carolinagomezblanco.com\/en\/hogar\/carolina\/\" target=\"_self\" rel=\"noopener\">\n        see more\n      <\/a>\n    <h4>Clara y Miguel<\/h4>\n          <a href=\"http:\/\/carolinagomezblanco.com\/en\/hogar\/clara-y-miguel\/\" target=\"_self\" rel=\"noopener\">\n        see more\n      <\/a>\n    <h4>Catalina y Santiago<\/h4>\n          <a href=\"http:\/\/carolinagomezblanco.com\/en\/hogar\/catalina-y-santiago\/\" target=\"_self\" rel=\"noopener\">\n        see more\n      <\/a>\n    <h4>Germ\u00e1n<\/h4>\n          <a href=\"http:\/\/carolinagomezblanco.com\/en\/hogar\/german\/\" target=\"_self\" rel=\"noopener\">\n        see more\n      <\/a>\n    <h4>Luisa y Juan<\/h4>\n          <a href=\"http:\/\/carolinagomezblanco.com\/en\/hogar\/luisa-y-juan\/\" target=\"_self\" rel=\"noopener\">\n        see more\n      <\/a>\n    <h4>Manuela y Andr\u00e9s<\/h4>\n          <a href=\"http:\/\/carolinagomezblanco.com\/en\/hogar\/manuela-y-andres\/\" target=\"_self\" rel=\"noopener\">\n        see more\n      <\/a>\n    <h4>Marcia<\/h4>\n          <a href=\"http:\/\/carolinagomezblanco.com\/en\/hogar\/marcia\/\" target=\"_self\" rel=\"noopener\">\n        see more\n      <\/a>\n    <h4>Claudia y Miguel<\/h4>\n          <a href=\"http:\/\/carolinagomezblanco.com\/en\/hogar\/claudia-y-miguel\/\" target=\"_self\" rel=\"noopener\">\n        see more\n      <\/a>\n    <h4>Mauro e Iv\u00e1n<\/h4>\n          <a href=\"http:\/\/carolinagomezblanco.com\/en\/hogar\/mauro-e-ivan\/\" target=\"_self\" rel=\"noopener\">\n        see more\n      <\/a>\n    <h4>Ana y Juan Camilo<\/h4>\n          <a href=\"http:\/\/carolinagomezblanco.com\/en\/hogar\/ana-y-juan-camilo\/\" target=\"_self\" rel=\"noopener\">\n        see more\n      <\/a>\n    <h4>Paola y Federico<\/h4>\n          <a href=\"http:\/\/carolinagomezblanco.com\/en\/hogar\/paola-y-federico\/\" target=\"_self\" rel=\"noopener\">\n        see more\n      <\/a>\n    <h4>Carolina<\/h4>\n          <a href=\"http:\/\/carolinagomezblanco.com\/en\/hogar\/carolina-2\/\" target=\"_self\" rel=\"noopener\">\n        see more\n      <\/a>\n    <h4>Ana D\u00faran<\/h4>\n          <a href=\"http:\/\/carolinagomezblanco.com\/en\/hogar\/ana-duran\/\" target=\"_self\" rel=\"noopener\">\n        see more\n      <\/a>\n    <h4>Black And White<\/h4>\n          <a href=\"http:\/\/carolinagomezblanco.com\/en\/hogar\/black-and-white\/\" target=\"_self\" rel=\"noopener\">\n        see more\n      <\/a>\n    <h4>Valentina<\/h4>\n          <a href=\"http:\/\/carolinagomezblanco.com\/en\/hogar\/valentina\/\" target=\"_self\" rel=\"noopener\">\n        see more\n      <\/a>\n    <h4>Isabel Mojica<\/h4>\n          <a href=\"http:\/\/carolinagomezblanco.com\/en\/hogar\/isabel-mojica\/\" target=\"_self\" rel=\"noopener\">\n        see more\n      <\/a>\n    <h4>Rosales Project<\/h4>\n          <a href=\"http:\/\/carolinagomezblanco.com\/en\/hogar\/proyectorosales\/\" target=\"_self\" rel=\"noopener\">\n        see more\n      <\/a>\n    <h4>Nat\u00faa Project<\/h4>\n          <a href=\"http:\/\/carolinagomezblanco.com\/en\/hogar\/proyecto-natua\/\" target=\"_self\" rel=\"noopener\">\n        see more\n      <\/a>\n    <h4>Diana Y Pablo<\/h4>\n          <a href=\"http:\/\/carolinagomezblanco.com\/en\/hogar\/diana-y-pablo\/\" target=\"_self\" rel=\"noopener\">\n        see more\n      <\/a>\n    <h4>Cabrera Project<\/h4>\n          <a href=\"http:\/\/carolinagomezblanco.com\/en\/hogar\/proyecto-cabrera\/\" target=\"_self\" rel=\"noopener\">\n        see more\n      <\/a>","protected":false},"excerpt":{"rendered":"<p>Hogar Proyectos Mis clientes abren las puertas de sus espacios m\u00e1s sagrados, ah\u00ed trabajamos de la mano para que sus espacios cobren un significado altruista para ellos y sus familias. German Torres Ver m\u00e1s Miguel Vargas Ver m\u00e1s Hugo Saavedra Ver m\u00e1s Tatiana Jaramillo Ver m\u00e1s Ximena Sanz de Santamaria Ver m\u00e1s Natalia y Andr\u00e9s &hellip;<\/p>\n<p class=\"read-more\"> <a class=\"\" href=\"https:\/\/carolinagomezblanco.com\/en\/hogar\/\"> <span class=\"screen-reader-text\">Residential<\/span> Read More &raquo;<\/a><\/p>","protected":false},"author":2,"featured_media":0,"parent":0,"menu_order":2,"comment_status":"closed","ping_status":"closed","template":"","meta":[],"yoast_head":"<!-- This site is optimized with the Yoast SEO plugin v16.1.1 - https:\/\/yoast.com\/wordpress\/plugins\/seo\/ -->\n<title>Hogar - Carolina G\u00f3mez Blanco<\/title>\n<link rel=\"canonical\" href=\"https:\/\/carolinagomezblanco.com\/en\/hogar\/\" \/>\n<meta property=\"og:locale\" content=\"en_US\" \/>\n<meta property=\"og:type\" content=\"article\" \/>\n<meta property=\"og:title\" content=\"Hogar - Carolina G\u00f3mez Blanco\" \/>\n<meta property=\"og:description\" content=\"Hogar Proyectos Mis clientes abren las puertas de sus espacios m\u00e1s sagrados, ah\u00ed trabajamos de la mano para que sus espacios cobren un significado altruista para ellos y sus familias. German Torres Ver m\u00e1s Miguel Vargas Ver m\u00e1s Hugo Saavedra Ver m\u00e1s Tatiana Jaramillo Ver m\u00e1s Ximena Sanz de Santamaria Ver m\u00e1s Natalia y Andr\u00e9s &hellip; Hogar Read More &raquo;\" \/>\n<meta property=\"og:url\" content=\"https:\/\/carolinagomezblanco.com\/en\/hogar\/\" \/>\n<meta property=\"og:site_name\" content=\"Carolina G\u00f3mez Blanco\" \/>\n<meta property=\"article:modified_time\" content=\"2025-01-21T16:09:38+00:00\" \/>\n<meta name=\"twitter:card\" content=\"summary_large_image\" \/>\n<meta name=\"twitter:label1\" content=\"Est. reading time\">\n\t<meta name=\"twitter:data1\" content=\"1 minute\">\n<script type=\"application\/ld+json\" class=\"yoast-schema-graph\">{\"@context\":\"https:\/\/schema.org\",\"@graph\":[{\"@type\":\"Organization\",\"@id\":\"https:\/\/carolinagomezblanco.com\/#organization\",\"name\":\"Carolina G\\u00f3mez Blanco\",\"url\":\"https:\/\/carolinagomezblanco.com\/\",\"sameAs\":[\"https:\/\/www.instagram.com\/carolinagomezblanco_design\/\",\"https:\/\/co.pinterest.com\/carolinagomezblanco\/boards\/\"],\"logo\":{\"@type\":\"ImageObject\",\"@id\":\"https:\/\/carolinagomezblanco.com\/#logo\",\"inLanguage\":\"en-US\",\"url\":\"https:\/\/carolinagomezblanco.com\/cms\/wp-content\/uploads\/2020\/07\/caro006-scaled.jpeg\",\"contentUrl\":\"https:\/\/carolinagomezblanco.com\/cms\/wp-content\/uploads\/2020\/07\/caro006-scaled.jpeg\",\"width\":2560,\"height\":2560,\"caption\":\"Carolina G\\u00f3mez Blanco\"},\"image\":{\"@id\":\"https:\/\/carolinagomezblanco.com\/#logo\"}},{\"@type\":\"WebSite\",\"@id\":\"https:\/\/carolinagomezblanco.com\/#website\",\"url\":\"https:\/\/carolinagomezblanco.com\/\",\"name\":\"Carolina G\\u00f3mez Blanco\",\"description\":\"\",\"publisher\":{\"@id\":\"https:\/\/carolinagomezblanco.com\/#organization\"},\"potentialAction\":[{\"@type\":\"SearchAction\",\"target\":\"https:\/\/carolinagomezblanco.com\/?s={search_term_string}\",\"query-input\":\"required name=search_term_string\"}],\"inLanguage\":\"en-US\"},{\"@type\":\"WebPage\",\"@id\":\"https:\/\/carolinagomezblanco.com\/hogar\/#webpage\",\"url\":\"https:\/\/carolinagomezblanco.com\/hogar\/\",\"name\":\"Hogar - Carolina G\\u00f3mez Blanco\",\"isPartOf\":{\"@id\":\"https:\/\/carolinagomezblanco.com\/#website\"},\"datePublished\":\"2020-06-11T15:44:29+00:00\",\"dateModified\":\"2025-01-21T16:09:38+00:00\",\"breadcrumb\":{\"@id\":\"https:\/\/carolinagomezblanco.com\/hogar\/#breadcrumb\"},\"inLanguage\":\"en-US\",\"potentialAction\":[{\"@type\":\"ReadAction\",\"target\":[\"https:\/\/carolinagomezblanco.com\/hogar\/\"]}]},{\"@type\":\"BreadcrumbList\",\"@id\":\"https:\/\/carolinagomezblanco.com\/hogar\/#breadcrumb\",\"itemListElement\":[{\"@type\":\"ListItem\",\"position\":1,\"item\":{\"@type\":\"WebPage\",\"@id\":\"https:\/\/carolinagomezblanco.com\/\",\"url\":\"https:\/\/carolinagomezblanco.com\/\",\"name\":\"Home\"}},{\"@type\":\"ListItem\",\"position\":2,\"item\":{\"@type\":\"WebPage\",\"@id\":\"https:\/\/carolinagomezblanco.com\/hogar\/\",\"url\":\"https:\/\/carolinagomezblanco.com\/hogar\/\",\"name\":\"Hogar\"}}]}]}<\/script>\n<!-- \/ Yoast SEO plugin. -->","_links":{"self":[{"href":"https:\/\/carolinagomezblanco.com\/en\/wp-json\/wp\/v2\/pages\/514"}],"collection":[{"href":"https:\/\/carolinagomezblanco.com\/en\/wp-json\/wp\/v2\/pages"}],"about":[{"href":"https:\/\/carolinagomezblanco.com\/en\/wp-json\/wp\/v2\/types\/page"}],"author":[{"embeddable":true,"href":"https:\/\/carolinagomezblanco.com\/en\/wp-json\/wp\/v2\/users\/2"}],"replies":[{"embeddable":true,"href":"https:\/\/carolinagomezblanco.com\/en\/wp-json\/wp\/v2\/comments?post=514"}],"version-history":[{"count":50,"href":"https:\/\/carolinagomezblanco.com\/en\/wp-json\/wp\/v2\/pages\/514\/revisions"}],"predecessor-version":[{"id":1699,"href":"https:\/\/carolinagomezblanco.com\/en\/wp-json\/wp\/v2\/pages\/514\/revisions\/1699"}],"wp:attachment":[{"href":"https:\/\/carolinagomezblanco.com\/en\/wp-json\/wp\/v2\/media?parent=514"}],"curies":[{"name":"wp","href":"https:\/\/api.w.org\/{rel}","templated":true}]}}