{"id":498,"date":"2020-06-10T16:07:44","date_gmt":"2020-06-10T21:07:44","guid":{"rendered":"http:\/\/carolina.somosultranova.com\/?page_id=498"},"modified":"2020-06-12T16:51:37","modified_gmt":"2020-06-12T21:51:37","slug":"oficinas","status":"publish","type":"page","link":"https:\/\/carolinagomezblanco.com\/en\/oficinas\/","title":{"rendered":"Offices"},"content":{"rendered":"<h1>Offices<\/h1>\n    <h4>Projects<\/h4>\n      <p>My clients, many of whom are well-known companies, trust me to create spaces that highlight what matters most: their people. I design comfortable, ergonomic environments that lead to substantial productivity impacts.<\/p>    \n    <h4>Addi<\/h4>\n          <a href=\"http:\/\/carolinagomezblanco.com\/en\/oficinas\/addi\/\" target=\"_self\" rel=\"noopener noreferrer\">\n        see more\n      <\/a>\n    <h4>Akimbo<\/h4>\n          <a href=\"http:\/\/carolinagomezblanco.com\/en\/oficinas\/akimbo\/\" target=\"_self\" rel=\"noopener noreferrer\">\n        see more\n      <\/a>\n    <h4>Akira<\/h4>\n          <a href=\"http:\/\/carolinagomezblanco.com\/en\/oficinas\/akira\/\" target=\"_self\" rel=\"noopener noreferrer\">\n        see more\n      <\/a>\n    <h4>Chiper<\/h4>\n          <a href=\"http:\/\/carolinagomezblanco.com\/en\/oficinas\/chiper\/\" target=\"_self\" rel=\"noopener noreferrer\">\n        see more\n      <\/a>\n    <h4>Foodpanda<\/h4>\n          <a href=\"http:\/\/carolinagomezblanco.com\/en\/oficinas\/foodpanda\/\" target=\"_self\" rel=\"noopener noreferrer\">\n        see more\n      <\/a>\n    <h4>Happy Yoga<\/h4>\n          <a href=\"http:\/\/carolinagomezblanco.com\/en\/oficinas\/happy-yoga\/\" target=\"_self\" rel=\"noopener noreferrer\">\n        see more\n      <\/a>\n    <h4>Los Notarios<\/h4>\n          <a href=\"http:\/\/carolinagomezblanco.com\/en\/oficinas\/los-notarios\/\" target=\"_self\" rel=\"noopener noreferrer\">\n        see more\n      <\/a>\n    <h4>Los Libertadores<\/h4>\n          <a href=\"http:\/\/carolinagomezblanco.com\/en\/oficinas\/los-libertadores\/\" target=\"_self\" rel=\"noopener noreferrer\">\n        see more\n      <\/a>\n    <h4>Noise<\/h4>\n          <a href=\"http:\/\/carolinagomezblanco.com\/en\/oficinas\/noise\/\" target=\"_self\" rel=\"noopener noreferrer\">\n        see more\n      <\/a>\n    <h4>Rappi<\/h4>\n          <a href=\"http:\/\/carolinagomezblanco.com\/en\/oficinas\/rappi\/\" target=\"_self\" rel=\"noopener noreferrer\">\n        see more\n      <\/a>","protected":false},"excerpt":{"rendered":"<p>Oficinas Proyectos Mis clientes, empresas reconocidas muchas de ellas, depositan su confianza en m\u00ed para que los espacios logren exaltar lo m\u00e1s importante para ellos, su gente. Logrando espacios confortables, ergon\u00f3micos logrando impactos sustanciales en productividad. Addi Ver m\u00e1s Akimbo Ver m\u00e1s Akira Ver m\u00e1s Chiper Ver m\u00e1s Foodpanda Ver m\u00e1s Happy Yoga Ver m\u00e1s &hellip;<\/p>\n<p class=\"read-more\"> <a class=\"\" href=\"https:\/\/carolinagomezblanco.com\/en\/oficinas\/\"> <span class=\"screen-reader-text\">Offices<\/span> Read More &raquo;<\/a><\/p>","protected":false},"author":2,"featured_media":0,"parent":0,"menu_order":3,"comment_status":"closed","ping_status":"closed","template":"","meta":[],"yoast_head":"<!-- This site is optimized with the Yoast SEO plugin v16.1.1 - https:\/\/yoast.com\/wordpress\/plugins\/seo\/ -->\n<title>Oficinas - Carolina G\u00f3mez Blanco<\/title>\n<link rel=\"canonical\" href=\"https:\/\/carolinagomezblanco.com\/en\/oficinas\/\" \/>\n<meta property=\"og:locale\" content=\"en_US\" \/>\n<meta property=\"og:type\" content=\"article\" \/>\n<meta property=\"og:title\" content=\"Oficinas - Carolina G\u00f3mez Blanco\" \/>\n<meta property=\"og:description\" content=\"Oficinas Proyectos Mis clientes, empresas reconocidas muchas de ellas, depositan su confianza en m\u00ed para que los espacios logren exaltar lo m\u00e1s importante para ellos, su gente. Logrando espacios confortables, ergon\u00f3micos logrando impactos sustanciales en productividad. Addi Ver m\u00e1s Akimbo Ver m\u00e1s Akira Ver m\u00e1s Chiper Ver m\u00e1s Foodpanda Ver m\u00e1s Happy Yoga Ver m\u00e1s &hellip; Oficinas Read More &raquo;\" \/>\n<meta property=\"og:url\" content=\"https:\/\/carolinagomezblanco.com\/en\/oficinas\/\" \/>\n<meta property=\"og:site_name\" content=\"Carolina G\u00f3mez Blanco\" \/>\n<meta property=\"article:modified_time\" content=\"2020-06-12T21:51:37+00:00\" \/>\n<meta name=\"twitter:card\" content=\"summary_large_image\" \/>\n<script type=\"application\/ld+json\" class=\"yoast-schema-graph\">{\"@context\":\"https:\/\/schema.org\",\"@graph\":[{\"@type\":\"Organization\",\"@id\":\"https:\/\/carolinagomezblanco.com\/#organization\",\"name\":\"Carolina G\\u00f3mez Blanco\",\"url\":\"https:\/\/carolinagomezblanco.com\/\",\"sameAs\":[\"https:\/\/www.instagram.com\/carolinagomezblanco_design\/\",\"https:\/\/co.pinterest.com\/carolinagomezblanco\/boards\/\"],\"logo\":{\"@type\":\"ImageObject\",\"@id\":\"https:\/\/carolinagomezblanco.com\/#logo\",\"inLanguage\":\"en-US\",\"url\":\"https:\/\/carolinagomezblanco.com\/cms\/wp-content\/uploads\/2020\/07\/caro006-scaled.jpeg\",\"contentUrl\":\"https:\/\/carolinagomezblanco.com\/cms\/wp-content\/uploads\/2020\/07\/caro006-scaled.jpeg\",\"width\":2560,\"height\":2560,\"caption\":\"Carolina G\\u00f3mez Blanco\"},\"image\":{\"@id\":\"https:\/\/carolinagomezblanco.com\/#logo\"}},{\"@type\":\"WebSite\",\"@id\":\"https:\/\/carolinagomezblanco.com\/#website\",\"url\":\"https:\/\/carolinagomezblanco.com\/\",\"name\":\"Carolina G\\u00f3mez Blanco\",\"description\":\"\",\"publisher\":{\"@id\":\"https:\/\/carolinagomezblanco.com\/#organization\"},\"potentialAction\":[{\"@type\":\"SearchAction\",\"target\":\"https:\/\/carolinagomezblanco.com\/?s={search_term_string}\",\"query-input\":\"required name=search_term_string\"}],\"inLanguage\":\"en-US\"},{\"@type\":\"WebPage\",\"@id\":\"https:\/\/carolinagomezblanco.com\/oficinas\/#webpage\",\"url\":\"https:\/\/carolinagomezblanco.com\/oficinas\/\",\"name\":\"Oficinas - Carolina G\\u00f3mez Blanco\",\"isPartOf\":{\"@id\":\"https:\/\/carolinagomezblanco.com\/#website\"},\"datePublished\":\"2020-06-10T21:07:44+00:00\",\"dateModified\":\"2020-06-12T21:51:37+00:00\",\"breadcrumb\":{\"@id\":\"https:\/\/carolinagomezblanco.com\/oficinas\/#breadcrumb\"},\"inLanguage\":\"en-US\",\"potentialAction\":[{\"@type\":\"ReadAction\",\"target\":[\"https:\/\/carolinagomezblanco.com\/oficinas\/\"]}]},{\"@type\":\"BreadcrumbList\",\"@id\":\"https:\/\/carolinagomezblanco.com\/oficinas\/#breadcrumb\",\"itemListElement\":[{\"@type\":\"ListItem\",\"position\":1,\"item\":{\"@type\":\"WebPage\",\"@id\":\"https:\/\/carolinagomezblanco.com\/\",\"url\":\"https:\/\/carolinagomezblanco.com\/\",\"name\":\"Home\"}},{\"@type\":\"ListItem\",\"position\":2,\"item\":{\"@type\":\"WebPage\",\"@id\":\"https:\/\/carolinagomezblanco.com\/oficinas\/\",\"url\":\"https:\/\/carolinagomezblanco.com\/oficinas\/\",\"name\":\"Oficinas\"}}]}]}<\/script>\n<!-- \/ Yoast SEO plugin. -->","_links":{"self":[{"href":"https:\/\/carolinagomezblanco.com\/en\/wp-json\/wp\/v2\/pages\/498"}],"collection":[{"href":"https:\/\/carolinagomezblanco.com\/en\/wp-json\/wp\/v2\/pages"}],"about":[{"href":"https:\/\/carolinagomezblanco.com\/en\/wp-json\/wp\/v2\/types\/page"}],"author":[{"embeddable":true,"href":"https:\/\/carolinagomezblanco.com\/en\/wp-json\/wp\/v2\/users\/2"}],"replies":[{"embeddable":true,"href":"https:\/\/carolinagomezblanco.com\/en\/wp-json\/wp\/v2\/comments?post=498"}],"version-history":[{"count":4,"href":"https:\/\/carolinagomezblanco.com\/en\/wp-json\/wp\/v2\/pages\/498\/revisions"}],"predecessor-version":[{"id":867,"href":"https:\/\/carolinagomezblanco.com\/en\/wp-json\/wp\/v2\/pages\/498\/revisions\/867"}],"wp:attachment":[{"href":"https:\/\/carolinagomezblanco.com\/en\/wp-json\/wp\/v2\/media?parent=498"}],"curies":[{"name":"wp","href":"https:\/\/api.w.org\/{rel}","templated":true}]}}