{"id":1611,"date":"2023-10-11T12:38:40","date_gmt":"2023-10-11T17:38:40","guid":{"rendered":"https:\/\/carolinagomezblanco.com\/?page_id=1611"},"modified":"2023-10-11T12:38:40","modified_gmt":"2023-10-11T17:38:40","slug":"proyecto-cabrera","status":"publish","type":"page","link":"https:\/\/carolinagomezblanco.com\/en\/hogar\/proyecto-cabrera\/","title":{"rendered":"Cabrera Project"},"content":{"rendered":"<h1>Cabrera Project<\/h1>\r\n<h4>Apartment<\/h4>\r\n<h3>Cabrera Project<\/h3>\r\n<p>The essence of modern style includes basic shapes, functional lines and curves, materials like metal, wood, and glass. Modern style features clean, simple, and serene interiors.<\/p>\r\n<h3>Featured<\/h3>\r\n<h4>Catalina y Santiago<\/h4>\r\n<p><a href=\"http:\/\/carolinagomezblanco.com\/en\/hogar\/catalina-y-santiago\/\" target=\"_self\" rel=\"noopener\"> see more <\/a><\/p>\r\n<h4>Germ\u00e1n Olaya<\/h4>\r\n<p><a href=\"http:\/\/carolinagomezblanco.com\/en\/hogar\/german-olaya\/\" target=\"_self\" rel=\"noopener\"> see more <\/a><\/p>\r\n<h4>Valentina Marin<\/h4>\r\n<p><a href=\"http:\/\/carolinagomezblanco.com\/en\/hogar\/valentina-marin\/\" target=\"_self\" rel=\"noopener\"> see more <\/a><\/p>","protected":false},"excerpt":{"rendered":"<p>Proyecto Cabrera Apartamento Proyecto Cabrera La esencia del estilo moderno incluye formas b\u00e1sicas, l\u00edneas y curvas funcionales, materiales como metal, madera y vidrio. El estilo moderno presenta interiores limpios, sencillos y serenos. Destacados Catalina y Santiago Ver m\u00e1s Germ\u00e1n Olaya Ver m\u00e1s Valentina Marin Ver m\u00e1s<\/p>","protected":false},"author":2,"featured_media":0,"parent":514,"menu_order":25,"comment_status":"closed","ping_status":"closed","template":"","meta":[],"yoast_head":"<!-- This site is optimized with the Yoast SEO plugin v16.1.1 - https:\/\/yoast.com\/wordpress\/plugins\/seo\/ -->\n<title>Proyecto Cabrera - Carolina G\u00f3mez Blanco<\/title>\n<link rel=\"canonical\" href=\"https:\/\/carolinagomezblanco.com\/en\/hogar\/proyecto-cabrera\/\" \/>\n<meta property=\"og:locale\" content=\"en_US\" \/>\n<meta property=\"og:type\" content=\"article\" \/>\n<meta property=\"og:title\" content=\"Proyecto Cabrera - Carolina G\u00f3mez Blanco\" \/>\n<meta property=\"og:description\" content=\"Proyecto Cabrera Apartamento Proyecto Cabrera La esencia del estilo moderno incluye formas b\u00e1sicas, l\u00edneas y curvas funcionales, materiales como metal, madera y vidrio. El estilo moderno presenta interiores limpios, sencillos y serenos. Destacados Catalina y Santiago Ver m\u00e1s Germ\u00e1n Olaya Ver m\u00e1s Valentina Marin Ver m\u00e1s\" \/>\n<meta property=\"og:url\" content=\"https:\/\/carolinagomezblanco.com\/en\/hogar\/proyecto-cabrera\/\" \/>\n<meta property=\"og:site_name\" content=\"Carolina G\u00f3mez Blanco\" \/>\n<meta name=\"twitter:card\" content=\"summary_large_image\" \/>\n<script type=\"application\/ld+json\" class=\"yoast-schema-graph\">{\"@context\":\"https:\/\/schema.org\",\"@graph\":[{\"@type\":\"Organization\",\"@id\":\"https:\/\/carolinagomezblanco.com\/#organization\",\"name\":\"Carolina G\\u00f3mez Blanco\",\"url\":\"https:\/\/carolinagomezblanco.com\/\",\"sameAs\":[\"https:\/\/www.instagram.com\/carolinagomezblanco_design\/\",\"https:\/\/co.pinterest.com\/carolinagomezblanco\/boards\/\"],\"logo\":{\"@type\":\"ImageObject\",\"@id\":\"https:\/\/carolinagomezblanco.com\/#logo\",\"inLanguage\":\"en-US\",\"url\":\"https:\/\/carolinagomezblanco.com\/cms\/wp-content\/uploads\/2020\/07\/caro006-scaled.jpeg\",\"contentUrl\":\"https:\/\/carolinagomezblanco.com\/cms\/wp-content\/uploads\/2020\/07\/caro006-scaled.jpeg\",\"width\":2560,\"height\":2560,\"caption\":\"Carolina G\\u00f3mez Blanco\"},\"image\":{\"@id\":\"https:\/\/carolinagomezblanco.com\/#logo\"}},{\"@type\":\"WebSite\",\"@id\":\"https:\/\/carolinagomezblanco.com\/#website\",\"url\":\"https:\/\/carolinagomezblanco.com\/\",\"name\":\"Carolina G\\u00f3mez Blanco\",\"description\":\"\",\"publisher\":{\"@id\":\"https:\/\/carolinagomezblanco.com\/#organization\"},\"potentialAction\":[{\"@type\":\"SearchAction\",\"target\":\"https:\/\/carolinagomezblanco.com\/?s={search_term_string}\",\"query-input\":\"required name=search_term_string\"}],\"inLanguage\":\"en-US\"},{\"@type\":\"WebPage\",\"@id\":\"https:\/\/carolinagomezblanco.com\/hogar\/proyecto-cabrera\/#webpage\",\"url\":\"https:\/\/carolinagomezblanco.com\/hogar\/proyecto-cabrera\/\",\"name\":\"Proyecto Cabrera - Carolina G\\u00f3mez Blanco\",\"isPartOf\":{\"@id\":\"https:\/\/carolinagomezblanco.com\/#website\"},\"datePublished\":\"2023-10-11T17:38:40+00:00\",\"dateModified\":\"2023-10-11T17:38:40+00:00\",\"breadcrumb\":{\"@id\":\"https:\/\/carolinagomezblanco.com\/hogar\/proyecto-cabrera\/#breadcrumb\"},\"inLanguage\":\"en-US\",\"potentialAction\":[{\"@type\":\"ReadAction\",\"target\":[\"https:\/\/carolinagomezblanco.com\/hogar\/proyecto-cabrera\/\"]}]},{\"@type\":\"BreadcrumbList\",\"@id\":\"https:\/\/carolinagomezblanco.com\/hogar\/proyecto-cabrera\/#breadcrumb\",\"itemListElement\":[{\"@type\":\"ListItem\",\"position\":1,\"item\":{\"@type\":\"WebPage\",\"@id\":\"https:\/\/carolinagomezblanco.com\/\",\"url\":\"https:\/\/carolinagomezblanco.com\/\",\"name\":\"Home\"}},{\"@type\":\"ListItem\",\"position\":2,\"item\":{\"@type\":\"WebPage\",\"@id\":\"https:\/\/carolinagomezblanco.com\/hogar\/\",\"url\":\"https:\/\/carolinagomezblanco.com\/hogar\/\",\"name\":\"Hogar\"}},{\"@type\":\"ListItem\",\"position\":3,\"item\":{\"@type\":\"WebPage\",\"@id\":\"https:\/\/carolinagomezblanco.com\/hogar\/proyecto-cabrera\/\",\"url\":\"https:\/\/carolinagomezblanco.com\/hogar\/proyecto-cabrera\/\",\"name\":\"Proyecto Cabrera\"}}]}]}<\/script>\n<!-- \/ Yoast SEO plugin. -->","_links":{"self":[{"href":"https:\/\/carolinagomezblanco.com\/en\/wp-json\/wp\/v2\/pages\/1611"}],"collection":[{"href":"https:\/\/carolinagomezblanco.com\/en\/wp-json\/wp\/v2\/pages"}],"about":[{"href":"https:\/\/carolinagomezblanco.com\/en\/wp-json\/wp\/v2\/types\/page"}],"author":[{"embeddable":true,"href":"https:\/\/carolinagomezblanco.com\/en\/wp-json\/wp\/v2\/users\/2"}],"replies":[{"embeddable":true,"href":"https:\/\/carolinagomezblanco.com\/en\/wp-json\/wp\/v2\/comments?post=1611"}],"version-history":[{"count":3,"href":"https:\/\/carolinagomezblanco.com\/en\/wp-json\/wp\/v2\/pages\/1611\/revisions"}],"predecessor-version":[{"id":1639,"href":"https:\/\/carolinagomezblanco.com\/en\/wp-json\/wp\/v2\/pages\/1611\/revisions\/1639"}],"up":[{"embeddable":true,"href":"https:\/\/carolinagomezblanco.com\/en\/wp-json\/wp\/v2\/pages\/514"}],"wp:attachment":[{"href":"https:\/\/carolinagomezblanco.com\/en\/wp-json\/wp\/v2\/media?parent=1611"}],"curies":[{"name":"wp","href":"https:\/\/api.w.org\/{rel}","templated":true}]}}