{"id":1577,"date":"2023-02-14T19:34:22","date_gmt":"2023-02-15T00:34:22","guid":{"rendered":"http:\/\/carolinagomezblanco.com\/?page_id=1577"},"modified":"2023-02-14T19:34:22","modified_gmt":"2023-02-15T00:34:22","slug":"proyecto-natua","status":"publish","type":"page","link":"https:\/\/carolinagomezblanco.com\/en\/hogar\/proyecto-natua\/","title":{"rendered":"Nat\u00faa Project"},"content":{"rendered":"<h1>Nat\u00faa Project<\/h1>\n    <h4>Residential<\/h4>\n      <h3>Nat\u00faa Project<\/h3><p>dise\u00f1o de interiores para Pent House en Bogot\u00e1.Intervine todas las \u00e1reas del apartamento, creando espacios \u00fanicos que se destacan por su personalidad.<\/p>    \n<h3>\n\t\tFeatured\n\t<\/h3>\n    <h4>Catalina y Santiago<\/h4>\n          <a href=\"http:\/\/carolinagomezblanco.com\/en\/hogar\/catalina-y-santiago\/\" target=\"_self\" rel=\"noopener\">\n        see more\n      <\/a>\n    <h4>Germ\u00e1n Olaya<\/h4>\n          <a href=\"http:\/\/carolinagomezblanco.com\/en\/hogar\/german-olaya\/\" target=\"_self\" rel=\"noopener\">\n        see more\n      <\/a>\n    <h4>Valentina Marin<\/h4>\n          <a href=\"http:\/\/carolinagomezblanco.com\/en\/hogar\/valentina-marin\/\" target=\"_self\" rel=\"noopener\">\n        see more\n      <\/a>","protected":false},"excerpt":{"rendered":"<p>Proyecto Nat\u00faa Hogar Proyecto Nat\u00faa dise\u00f1o de interiores para Pent House en Bogot\u00e1.Intervine todas las \u00e1reas del apartamento, creando espacios \u00fanicos que se destacan por su personalidad. Destacados Catalina y Santiago Ver m\u00e1s Germ\u00e1n Olaya Ver m\u00e1s Valentina Marin Ver m\u00e1s<\/p>","protected":false},"author":2,"featured_media":0,"parent":514,"menu_order":25,"comment_status":"closed","ping_status":"closed","template":"","meta":[],"yoast_head":"<!-- This site is optimized with the Yoast SEO plugin v16.1.1 - https:\/\/yoast.com\/wordpress\/plugins\/seo\/ -->\n<title>Proyecto Nat\u00faa - Carolina G\u00f3mez Blanco<\/title>\n<link rel=\"canonical\" href=\"https:\/\/carolinagomezblanco.com\/en\/hogar\/proyecto-natua\/\" \/>\n<meta property=\"og:locale\" content=\"en_US\" \/>\n<meta property=\"og:type\" content=\"article\" \/>\n<meta property=\"og:title\" content=\"Proyecto Nat\u00faa - Carolina G\u00f3mez Blanco\" \/>\n<meta property=\"og:description\" content=\"Proyecto Nat\u00faa Hogar Proyecto Nat\u00faa dise\u00f1o de interiores para Pent House en Bogot\u00e1.Intervine todas las \u00e1reas del apartamento, creando espacios \u00fanicos que se destacan por su personalidad. Destacados Catalina y Santiago Ver m\u00e1s Germ\u00e1n Olaya Ver m\u00e1s Valentina Marin Ver m\u00e1s\" \/>\n<meta property=\"og:url\" content=\"https:\/\/carolinagomezblanco.com\/en\/hogar\/proyecto-natua\/\" \/>\n<meta property=\"og:site_name\" content=\"Carolina G\u00f3mez Blanco\" \/>\n<meta name=\"twitter:card\" content=\"summary_large_image\" \/>\n<script type=\"application\/ld+json\" class=\"yoast-schema-graph\">{\"@context\":\"https:\/\/schema.org\",\"@graph\":[{\"@type\":\"Organization\",\"@id\":\"https:\/\/carolinagomezblanco.com\/#organization\",\"name\":\"Carolina G\\u00f3mez Blanco\",\"url\":\"https:\/\/carolinagomezblanco.com\/\",\"sameAs\":[\"https:\/\/www.instagram.com\/carolinagomezblanco_design\/\",\"https:\/\/co.pinterest.com\/carolinagomezblanco\/boards\/\"],\"logo\":{\"@type\":\"ImageObject\",\"@id\":\"https:\/\/carolinagomezblanco.com\/#logo\",\"inLanguage\":\"en-US\",\"url\":\"https:\/\/carolinagomezblanco.com\/cms\/wp-content\/uploads\/2020\/07\/caro006-scaled.jpeg\",\"contentUrl\":\"https:\/\/carolinagomezblanco.com\/cms\/wp-content\/uploads\/2020\/07\/caro006-scaled.jpeg\",\"width\":2560,\"height\":2560,\"caption\":\"Carolina G\\u00f3mez Blanco\"},\"image\":{\"@id\":\"https:\/\/carolinagomezblanco.com\/#logo\"}},{\"@type\":\"WebSite\",\"@id\":\"https:\/\/carolinagomezblanco.com\/#website\",\"url\":\"https:\/\/carolinagomezblanco.com\/\",\"name\":\"Carolina G\\u00f3mez Blanco\",\"description\":\"\",\"publisher\":{\"@id\":\"https:\/\/carolinagomezblanco.com\/#organization\"},\"potentialAction\":[{\"@type\":\"SearchAction\",\"target\":\"https:\/\/carolinagomezblanco.com\/?s={search_term_string}\",\"query-input\":\"required name=search_term_string\"}],\"inLanguage\":\"en-US\"},{\"@type\":\"WebPage\",\"@id\":\"https:\/\/carolinagomezblanco.com\/hogar\/proyecto-natua\/#webpage\",\"url\":\"https:\/\/carolinagomezblanco.com\/hogar\/proyecto-natua\/\",\"name\":\"Proyecto Nat\\u00faa - Carolina G\\u00f3mez Blanco\",\"isPartOf\":{\"@id\":\"https:\/\/carolinagomezblanco.com\/#website\"},\"datePublished\":\"2023-02-15T00:34:22+00:00\",\"dateModified\":\"2023-02-15T00:34:22+00:00\",\"breadcrumb\":{\"@id\":\"https:\/\/carolinagomezblanco.com\/hogar\/proyecto-natua\/#breadcrumb\"},\"inLanguage\":\"en-US\",\"potentialAction\":[{\"@type\":\"ReadAction\",\"target\":[\"https:\/\/carolinagomezblanco.com\/hogar\/proyecto-natua\/\"]}]},{\"@type\":\"BreadcrumbList\",\"@id\":\"https:\/\/carolinagomezblanco.com\/hogar\/proyecto-natua\/#breadcrumb\",\"itemListElement\":[{\"@type\":\"ListItem\",\"position\":1,\"item\":{\"@type\":\"WebPage\",\"@id\":\"https:\/\/carolinagomezblanco.com\/\",\"url\":\"https:\/\/carolinagomezblanco.com\/\",\"name\":\"Home\"}},{\"@type\":\"ListItem\",\"position\":2,\"item\":{\"@type\":\"WebPage\",\"@id\":\"https:\/\/carolinagomezblanco.com\/hogar\/\",\"url\":\"https:\/\/carolinagomezblanco.com\/hogar\/\",\"name\":\"Hogar\"}},{\"@type\":\"ListItem\",\"position\":3,\"item\":{\"@type\":\"WebPage\",\"@id\":\"https:\/\/carolinagomezblanco.com\/hogar\/proyecto-natua\/\",\"url\":\"https:\/\/carolinagomezblanco.com\/hogar\/proyecto-natua\/\",\"name\":\"Proyecto Nat\\u00faa\"}}]}]}<\/script>\n<!-- \/ Yoast SEO plugin. -->","_links":{"self":[{"href":"https:\/\/carolinagomezblanco.com\/en\/wp-json\/wp\/v2\/pages\/1577"}],"collection":[{"href":"https:\/\/carolinagomezblanco.com\/en\/wp-json\/wp\/v2\/pages"}],"about":[{"href":"https:\/\/carolinagomezblanco.com\/en\/wp-json\/wp\/v2\/types\/page"}],"author":[{"embeddable":true,"href":"https:\/\/carolinagomezblanco.com\/en\/wp-json\/wp\/v2\/users\/2"}],"replies":[{"embeddable":true,"href":"https:\/\/carolinagomezblanco.com\/en\/wp-json\/wp\/v2\/comments?post=1577"}],"version-history":[{"count":2,"href":"https:\/\/carolinagomezblanco.com\/en\/wp-json\/wp\/v2\/pages\/1577\/revisions"}],"predecessor-version":[{"id":1605,"href":"https:\/\/carolinagomezblanco.com\/en\/wp-json\/wp\/v2\/pages\/1577\/revisions\/1605"}],"up":[{"embeddable":true,"href":"https:\/\/carolinagomezblanco.com\/en\/wp-json\/wp\/v2\/pages\/514"}],"wp:attachment":[{"href":"https:\/\/carolinagomezblanco.com\/en\/wp-json\/wp\/v2\/media?parent=1577"}],"curies":[{"name":"wp","href":"https:\/\/api.w.org\/{rel}","templated":true}]}}