{"id":1509,"date":"2023-02-14T19:04:09","date_gmt":"2023-02-15T00:04:09","guid":{"rendered":"http:\/\/carolinagomezblanco.com\/?page_id=1509"},"modified":"2023-02-14T19:05:27","modified_gmt":"2023-02-15T00:05:27","slug":"akira-2","status":"publish","type":"page","link":"https:\/\/carolinagomezblanco.com\/en\/comercial\/akira-2\/","title":{"rendered":"Akira Productora"},"content":{"rendered":"<h1>Akira Productora<\/h1>\r\n<h4>Commercial<\/h4>\r\n<h3><strong>Akira Productora<\/strong><\/h3>\r\n<p>Este fue un proyecto arquitect\u00f3nico y de interiorismo que realice.\u00a0 AKIRA productora audiovisual invita a un nuevo espacio creativo de entretenimiento, especializado en contar historias donde la experimentaci\u00f3n, la innovaci\u00f3n y las nuevas expresiones art\u00edsticas se podr\u00e1n realizar en esta nueva casa, hangar y torre de lanzamiento!Gracias a Pablo Flehner, Diana Revelo y Juan Rueda por siempre confiar en mi, no hay nada mejor, que casa.<br \/>T\u00e9 para tresAKIRA Pablo Flehner Diana Revelo y Juan Rueda <br \/>Photos by Federico Puyo.<\/p>\r\n<h3>Featured<\/h3>\r\n<h4>Buro<\/h4>\r\n<p><a href=\"http:\/\/carolinagomezblanco.com\/en\/comercial\/buro\/\" target=\"_self\" rel=\"noopener\"> see more <\/a><\/p>\r\n<h4>Mercedes Salazar<\/h4>\r\n<p><a href=\"http:\/\/carolinagomezblanco.com\/en\/comercial\/mercedes-salazar\/\" target=\"_self\" rel=\"noopener\"> see more <\/a><\/p>\r\n<h4>Lauval<\/h4>\r\n<p><a href=\"http:\/\/carolinagomezblanco.com\/en\/comercial\/lauval\/\" target=\"_self\" rel=\"noopener\"> see more <\/a><\/p>","protected":false},"excerpt":{"rendered":"<p>Akira Productora Comercial Akira Productora Este fue un proyecto arquitect\u00f3nico y de interiorismo que realice.\u00a0 AKIRA productora audiovisual invita a un nuevo espacio creativo de entretenimiento, especializado en contar historias donde la experimentaci\u00f3n, la innovaci\u00f3n y las nuevas expresiones art\u00edsticas se podr\u00e1n realizar en esta nueva casa, hangar y torre de lanzamiento!Gracias a Pablo Flehner, &hellip;<\/p>\n<p class=\"read-more\"> <a class=\"\" href=\"https:\/\/carolinagomezblanco.com\/en\/comercial\/akira-2\/\"> <span class=\"screen-reader-text\">Akira Productora<\/span> Read More &raquo;<\/a><\/p>","protected":false},"author":2,"featured_media":0,"parent":516,"menu_order":2,"comment_status":"closed","ping_status":"closed","template":"","meta":[],"yoast_head":"<!-- This site is optimized with the Yoast SEO plugin v16.1.1 - https:\/\/yoast.com\/wordpress\/plugins\/seo\/ -->\n<title>Akira Productora - Carolina G\u00f3mez Blanco<\/title>\n<link rel=\"canonical\" href=\"https:\/\/carolinagomezblanco.com\/en\/comercial\/akira-2\/\" \/>\n<meta property=\"og:locale\" content=\"en_US\" \/>\n<meta property=\"og:type\" content=\"article\" \/>\n<meta property=\"og:title\" content=\"Akira Productora - Carolina G\u00f3mez Blanco\" \/>\n<meta property=\"og:description\" content=\"Akira Productora Comercial Akira Productora Este fue un proyecto arquitect\u00f3nico y de interiorismo que realice.\u00a0 AKIRA productora audiovisual invita a un nuevo espacio creativo de entretenimiento, especializado en contar historias donde la experimentaci\u00f3n, la innovaci\u00f3n y las nuevas expresiones art\u00edsticas se podr\u00e1n realizar en esta nueva casa, hangar y torre de lanzamiento!Gracias a Pablo Flehner, &hellip; Akira Productora Read More &raquo;\" \/>\n<meta property=\"og:url\" content=\"https:\/\/carolinagomezblanco.com\/en\/comercial\/akira-2\/\" \/>\n<meta property=\"og:site_name\" content=\"Carolina G\u00f3mez Blanco\" \/>\n<meta property=\"article:modified_time\" content=\"2023-02-15T00:05:27+00:00\" \/>\n<meta name=\"twitter:card\" content=\"summary_large_image\" \/>\n<meta name=\"twitter:label1\" content=\"Est. reading time\">\n\t<meta name=\"twitter:data1\" content=\"1 minute\">\n<script type=\"application\/ld+json\" class=\"yoast-schema-graph\">{\"@context\":\"https:\/\/schema.org\",\"@graph\":[{\"@type\":\"Organization\",\"@id\":\"https:\/\/carolinagomezblanco.com\/#organization\",\"name\":\"Carolina G\\u00f3mez Blanco\",\"url\":\"https:\/\/carolinagomezblanco.com\/\",\"sameAs\":[\"https:\/\/www.instagram.com\/carolinagomezblanco_design\/\",\"https:\/\/co.pinterest.com\/carolinagomezblanco\/boards\/\"],\"logo\":{\"@type\":\"ImageObject\",\"@id\":\"https:\/\/carolinagomezblanco.com\/#logo\",\"inLanguage\":\"en-US\",\"url\":\"https:\/\/carolinagomezblanco.com\/cms\/wp-content\/uploads\/2020\/07\/caro006-scaled.jpeg\",\"contentUrl\":\"https:\/\/carolinagomezblanco.com\/cms\/wp-content\/uploads\/2020\/07\/caro006-scaled.jpeg\",\"width\":2560,\"height\":2560,\"caption\":\"Carolina G\\u00f3mez Blanco\"},\"image\":{\"@id\":\"https:\/\/carolinagomezblanco.com\/#logo\"}},{\"@type\":\"WebSite\",\"@id\":\"https:\/\/carolinagomezblanco.com\/#website\",\"url\":\"https:\/\/carolinagomezblanco.com\/\",\"name\":\"Carolina G\\u00f3mez Blanco\",\"description\":\"\",\"publisher\":{\"@id\":\"https:\/\/carolinagomezblanco.com\/#organization\"},\"potentialAction\":[{\"@type\":\"SearchAction\",\"target\":\"https:\/\/carolinagomezblanco.com\/?s={search_term_string}\",\"query-input\":\"required name=search_term_string\"}],\"inLanguage\":\"en-US\"},{\"@type\":\"WebPage\",\"@id\":\"https:\/\/carolinagomezblanco.com\/comercial\/akira-2\/#webpage\",\"url\":\"https:\/\/carolinagomezblanco.com\/comercial\/akira-2\/\",\"name\":\"Akira Productora - Carolina G\\u00f3mez Blanco\",\"isPartOf\":{\"@id\":\"https:\/\/carolinagomezblanco.com\/#website\"},\"datePublished\":\"2023-02-15T00:04:09+00:00\",\"dateModified\":\"2023-02-15T00:05:27+00:00\",\"breadcrumb\":{\"@id\":\"https:\/\/carolinagomezblanco.com\/comercial\/akira-2\/#breadcrumb\"},\"inLanguage\":\"en-US\",\"potentialAction\":[{\"@type\":\"ReadAction\",\"target\":[\"https:\/\/carolinagomezblanco.com\/comercial\/akira-2\/\"]}]},{\"@type\":\"BreadcrumbList\",\"@id\":\"https:\/\/carolinagomezblanco.com\/comercial\/akira-2\/#breadcrumb\",\"itemListElement\":[{\"@type\":\"ListItem\",\"position\":1,\"item\":{\"@type\":\"WebPage\",\"@id\":\"https:\/\/carolinagomezblanco.com\/\",\"url\":\"https:\/\/carolinagomezblanco.com\/\",\"name\":\"Home\"}},{\"@type\":\"ListItem\",\"position\":2,\"item\":{\"@type\":\"WebPage\",\"@id\":\"https:\/\/carolinagomezblanco.com\/comercial\/\",\"url\":\"https:\/\/carolinagomezblanco.com\/comercial\/\",\"name\":\"Comercial\"}},{\"@type\":\"ListItem\",\"position\":3,\"item\":{\"@type\":\"WebPage\",\"@id\":\"https:\/\/carolinagomezblanco.com\/comercial\/akira-2\/\",\"url\":\"https:\/\/carolinagomezblanco.com\/comercial\/akira-2\/\",\"name\":\"Akira Productora\"}}]}]}<\/script>\n<!-- \/ Yoast SEO plugin. -->","_links":{"self":[{"href":"https:\/\/carolinagomezblanco.com\/en\/wp-json\/wp\/v2\/pages\/1509"}],"collection":[{"href":"https:\/\/carolinagomezblanco.com\/en\/wp-json\/wp\/v2\/pages"}],"about":[{"href":"https:\/\/carolinagomezblanco.com\/en\/wp-json\/wp\/v2\/types\/page"}],"author":[{"embeddable":true,"href":"https:\/\/carolinagomezblanco.com\/en\/wp-json\/wp\/v2\/users\/2"}],"replies":[{"embeddable":true,"href":"https:\/\/carolinagomezblanco.com\/en\/wp-json\/wp\/v2\/comments?post=1509"}],"version-history":[{"count":5,"href":"https:\/\/carolinagomezblanco.com\/en\/wp-json\/wp\/v2\/pages\/1509\/revisions"}],"predecessor-version":[{"id":1553,"href":"https:\/\/carolinagomezblanco.com\/en\/wp-json\/wp\/v2\/pages\/1509\/revisions\/1553"}],"up":[{"embeddable":true,"href":"https:\/\/carolinagomezblanco.com\/en\/wp-json\/wp\/v2\/pages\/516"}],"wp:attachment":[{"href":"https:\/\/carolinagomezblanco.com\/en\/wp-json\/wp\/v2\/media?parent=1509"}],"curies":[{"name":"wp","href":"https:\/\/api.w.org\/{rel}","templated":true}]}}