{"id":1420,"date":"2021-10-27T11:51:26","date_gmt":"2021-10-27T16:51:26","guid":{"rendered":"https:\/\/carolinagomezblanco.com\/hogar\/paula-2\/"},"modified":"2021-10-27T11:51:26","modified_gmt":"2021-10-27T16:51:26","slug":"paula-2","status":"publish","type":"page","link":"https:\/\/carolinagomezblanco.com\/en\/hogar\/paula-2\/","title":{"rendered":"Paula"},"content":{"rendered":"<h1>Paula<\/h1>\n    <h4>Residential<\/h4>\n      <h3>Proyecto realizado para dos amantes de la m\u00fasica.<\/h3><p>Es por esto que lo llame \u00abBrillantes sobre el mic\u00bb, un recorrido por la m\u00fasica, los recuerdos, los aromas, inspirado en la luna para dos, un espacio donde se conjuga lo vivido y lo que est\u00e1n por vivir.<\/p>    \n<h3>\n\t\tFeatured\n\t<\/h3>\n    <h4>Catalina y Santiago<\/h4>\n          <a href=\"http:\/\/carolinagomezblanco.com\/en\/hogar\/catalina-y-santiago\/\" target=\"_self\" rel=\"noopener\">\n        see more\n      <\/a>\n    <h4>Germ\u00e1n Olaya<\/h4>\n          <a href=\"http:\/\/carolinagomezblanco.com\/en\/hogar\/german-olaya\/\" target=\"_self\" rel=\"noopener\">\n        see more\n      <\/a>\n    <h4>Valentina Marin<\/h4>\n          <a href=\"http:\/\/carolinagomezblanco.com\/en\/hogar\/valentina-marin\/\" target=\"_self\" rel=\"noopener\">\n        see more\n      <\/a>","protected":false},"excerpt":{"rendered":"<p>Paula Hogar Proyecto realizado para dos amantes de la m\u00fasica. Es por esto que lo llame \u00abBrillantes sobre el mic\u00bb, un recorrido por la m\u00fasica, los recuerdos, los aromas, inspirado en la luna para dos, un espacio donde se conjuga lo vivido y lo que est\u00e1n por vivir. Destacados Catalina y Santiago Ver m\u00e1s Germ\u00e1n &hellip;<\/p>\n<p class=\"read-more\"> <a class=\"\" href=\"https:\/\/carolinagomezblanco.com\/en\/hogar\/paula-2\/\"> <span class=\"screen-reader-text\">Paula<\/span> Read More &raquo;<\/a><\/p>","protected":false},"author":2,"featured_media":0,"parent":514,"menu_order":4,"comment_status":"closed","ping_status":"closed","template":"","meta":[],"yoast_head":"<!-- This site is optimized with the Yoast SEO plugin v16.1.1 - https:\/\/yoast.com\/wordpress\/plugins\/seo\/ -->\n<title>Paula - Carolina G\u00f3mez Blanco<\/title>\n<link rel=\"canonical\" href=\"https:\/\/carolinagomezblanco.com\/en\/hogar\/paula-2\/\" \/>\n<meta property=\"og:locale\" content=\"en_US\" \/>\n<meta property=\"og:type\" content=\"article\" \/>\n<meta property=\"og:title\" content=\"Paula - Carolina G\u00f3mez Blanco\" \/>\n<meta property=\"og:description\" content=\"Paula Hogar Proyecto realizado para dos amantes de la m\u00fasica. Es por esto que lo llame \u00abBrillantes sobre el mic\u00bb, un recorrido por la m\u00fasica, los recuerdos, los aromas, inspirado en la luna para dos, un espacio donde se conjuga lo vivido y lo que est\u00e1n por vivir. Destacados Catalina y Santiago Ver m\u00e1s Germ\u00e1n &hellip; Paula Read More &raquo;\" \/>\n<meta property=\"og:url\" content=\"https:\/\/carolinagomezblanco.com\/en\/hogar\/paula-2\/\" \/>\n<meta property=\"og:site_name\" content=\"Carolina G\u00f3mez Blanco\" \/>\n<meta name=\"twitter:card\" content=\"summary_large_image\" \/>\n<script type=\"application\/ld+json\" class=\"yoast-schema-graph\">{\"@context\":\"https:\/\/schema.org\",\"@graph\":[{\"@type\":\"Organization\",\"@id\":\"https:\/\/carolinagomezblanco.com\/#organization\",\"name\":\"Carolina G\\u00f3mez Blanco\",\"url\":\"https:\/\/carolinagomezblanco.com\/\",\"sameAs\":[\"https:\/\/www.instagram.com\/carolinagomezblanco_design\/\",\"https:\/\/co.pinterest.com\/carolinagomezblanco\/boards\/\"],\"logo\":{\"@type\":\"ImageObject\",\"@id\":\"https:\/\/carolinagomezblanco.com\/#logo\",\"inLanguage\":\"en-US\",\"url\":\"https:\/\/carolinagomezblanco.com\/cms\/wp-content\/uploads\/2020\/07\/caro006-scaled.jpeg\",\"contentUrl\":\"https:\/\/carolinagomezblanco.com\/cms\/wp-content\/uploads\/2020\/07\/caro006-scaled.jpeg\",\"width\":2560,\"height\":2560,\"caption\":\"Carolina G\\u00f3mez Blanco\"},\"image\":{\"@id\":\"https:\/\/carolinagomezblanco.com\/#logo\"}},{\"@type\":\"WebSite\",\"@id\":\"https:\/\/carolinagomezblanco.com\/#website\",\"url\":\"https:\/\/carolinagomezblanco.com\/\",\"name\":\"Carolina G\\u00f3mez Blanco\",\"description\":\"\",\"publisher\":{\"@id\":\"https:\/\/carolinagomezblanco.com\/#organization\"},\"potentialAction\":[{\"@type\":\"SearchAction\",\"target\":\"https:\/\/carolinagomezblanco.com\/?s={search_term_string}\",\"query-input\":\"required name=search_term_string\"}],\"inLanguage\":\"en-US\"},{\"@type\":\"WebPage\",\"@id\":\"https:\/\/carolinagomezblanco.com\/hogar\/paula-2\/#webpage\",\"url\":\"https:\/\/carolinagomezblanco.com\/hogar\/paula-2\/\",\"name\":\"Paula - Carolina G\\u00f3mez Blanco\",\"isPartOf\":{\"@id\":\"https:\/\/carolinagomezblanco.com\/#website\"},\"datePublished\":\"2021-10-27T16:51:26+00:00\",\"dateModified\":\"2021-10-27T16:51:26+00:00\",\"breadcrumb\":{\"@id\":\"https:\/\/carolinagomezblanco.com\/hogar\/paula-2\/#breadcrumb\"},\"inLanguage\":\"en-US\",\"potentialAction\":[{\"@type\":\"ReadAction\",\"target\":[\"https:\/\/carolinagomezblanco.com\/hogar\/paula-2\/\"]}]},{\"@type\":\"BreadcrumbList\",\"@id\":\"https:\/\/carolinagomezblanco.com\/hogar\/paula-2\/#breadcrumb\",\"itemListElement\":[{\"@type\":\"ListItem\",\"position\":1,\"item\":{\"@type\":\"WebPage\",\"@id\":\"https:\/\/carolinagomezblanco.com\/\",\"url\":\"https:\/\/carolinagomezblanco.com\/\",\"name\":\"Home\"}},{\"@type\":\"ListItem\",\"position\":2,\"item\":{\"@type\":\"WebPage\",\"@id\":\"https:\/\/carolinagomezblanco.com\/hogar\/\",\"url\":\"https:\/\/carolinagomezblanco.com\/hogar\/\",\"name\":\"Hogar\"}},{\"@type\":\"ListItem\",\"position\":3,\"item\":{\"@type\":\"WebPage\",\"@id\":\"https:\/\/carolinagomezblanco.com\/hogar\/paula-2\/\",\"url\":\"https:\/\/carolinagomezblanco.com\/hogar\/paula-2\/\",\"name\":\"Paula\"}}]}]}<\/script>\n<!-- \/ Yoast SEO plugin. -->","_links":{"self":[{"href":"https:\/\/carolinagomezblanco.com\/en\/wp-json\/wp\/v2\/pages\/1420"}],"collection":[{"href":"https:\/\/carolinagomezblanco.com\/en\/wp-json\/wp\/v2\/pages"}],"about":[{"href":"https:\/\/carolinagomezblanco.com\/en\/wp-json\/wp\/v2\/types\/page"}],"author":[{"embeddable":true,"href":"https:\/\/carolinagomezblanco.com\/en\/wp-json\/wp\/v2\/users\/2"}],"replies":[{"embeddable":true,"href":"https:\/\/carolinagomezblanco.com\/en\/wp-json\/wp\/v2\/comments?post=1420"}],"version-history":[{"count":0,"href":"https:\/\/carolinagomezblanco.com\/en\/wp-json\/wp\/v2\/pages\/1420\/revisions"}],"up":[{"embeddable":true,"href":"https:\/\/carolinagomezblanco.com\/en\/wp-json\/wp\/v2\/pages\/514"}],"wp:attachment":[{"href":"https:\/\/carolinagomezblanco.com\/en\/wp-json\/wp\/v2\/media?parent=1420"}],"curies":[{"name":"wp","href":"https:\/\/api.w.org\/{rel}","templated":true}]}}